{"id":488,"date":"2024-02-16T16:24:51","date_gmt":"2024-02-16T15:24:51","guid":{"rendered":"https:\/\/lilianmenetrier.com\/?page_id=488"},"modified":"2024-02-16T16:55:09","modified_gmt":"2024-02-16T15:55:09","slug":"the-north-face-utmb","status":"publish","type":"page","link":"https:\/\/lilianmenetrier.com\/?page_id=488","title":{"rendered":"THE NORTH FACE &#8211; UTMB"},"content":{"rendered":"\t\t<div data-elementor-type=\"wp-page\" data-elementor-id=\"488\" class=\"elementor elementor-488\">\n\t\t\t\t\t\t\t\t\t<section class=\"elementor-section elementor-top-section elementor-element elementor-element-bb84768 elementor-section-boxed elementor-section-height-default elementor-section-height-default\" data-id=\"bb84768\" data-element_type=\"section\">\n\t\t\t\t\t\t<div class=\"elementor-container elementor-column-gap-default\">\n\t\t\t\t\t<div class=\"elementor-column elementor-col-100 elementor-top-column elementor-element elementor-element-e7bf325\" data-id=\"e7bf325\" data-element_type=\"column\">\n\t\t\t<div class=\"elementor-widget-wrap elementor-element-populated\">\n\t\t\t\t\t\t\t\t<div class=\"elementor-element elementor-element-7eb6f89 elementor-widget elementor-widget-heading\" data-id=\"7eb6f89\" data-element_type=\"widget\" data-widget_type=\"heading.default\">\n\t\t\t\t<div class=\"elementor-widget-container\">\n\t\t\t<style>\/*! elementor - v3.18.0 - 08-12-2023 *\/\n.elementor-heading-title{padding:0;margin:0;line-height:1}.elementor-widget-heading .elementor-heading-title[class*=elementor-size-]>a{color:inherit;font-size:inherit;line-height:inherit}.elementor-widget-heading .elementor-heading-title.elementor-size-small{font-size:15px}.elementor-widget-heading .elementor-heading-title.elementor-size-medium{font-size:19px}.elementor-widget-heading .elementor-heading-title.elementor-size-large{font-size:29px}.elementor-widget-heading .elementor-heading-title.elementor-size-xl{font-size:39px}.elementor-widget-heading .elementor-heading-title.elementor-size-xxl{font-size:59px}<\/style><h2 class=\"elementor-heading-title elementor-size-default\">THE NORTH FACE - UTMB<\/h2>\t\t<\/div>\n\t\t\t\t<\/div>\n\t\t\t\t<div class=\"elementor-element elementor-element-b022f75 elementor-widget elementor-widget-heading\" data-id=\"b022f75\" data-element_type=\"widget\" data-widget_type=\"heading.default\">\n\t\t\t\t<div class=\"elementor-widget-container\">\n\t\t\t<h2 class=\"elementor-heading-title elementor-size-default\">FILMMAKER<\/h2>\t\t<\/div>\n\t\t\t\t<\/div>\n\t\t\t\t<div class=\"elementor-element elementor-element-41615dc elementor-widget elementor-widget-text-editor\" data-id=\"41615dc\" data-element_type=\"widget\" data-widget_type=\"text-editor.default\">\n\t\t\t\t<div class=\"elementor-widget-container\">\n\t\t\t<style>\/*! elementor - v3.18.0 - 08-12-2023 *\/\n.elementor-widget-text-editor.elementor-drop-cap-view-stacked .elementor-drop-cap{background-color:#69727d;color:#fff}.elementor-widget-text-editor.elementor-drop-cap-view-framed .elementor-drop-cap{color:#69727d;border:3px solid;background-color:transparent}.elementor-widget-text-editor:not(.elementor-drop-cap-view-default) .elementor-drop-cap{margin-top:8px}.elementor-widget-text-editor:not(.elementor-drop-cap-view-default) .elementor-drop-cap-letter{width:1em;height:1em}.elementor-widget-text-editor .elementor-drop-cap{float:left;text-align:center;line-height:1;font-size:50px}.elementor-widget-text-editor .elementor-drop-cap-letter{display:inline-block}<\/style>\t\t\t\t<p>Suivi de la mythique course de quartier de Chamonix aux c\u00f4t\u00e9s de la team North Face.\u00a0<\/p><p>Travail r\u00e9alis\u00e9 avec\u00a0<a style=\"font-style: normal; font-variant-caps: normal; caret-color: #000000; letter-spacing: normal; box-sizing: inherit; margin: var(--artdeco-reset-base-margin-zero); padding: var(--artdeco-reset-base-padding-zero); font-size: 14px; vertical-align: var(--artdeco-reset-base-vertical-align-baseline); text-decoration: var(--artdeco-reset-link-text-decoration-none); border: var(--artdeco-reset-link-border-zero); color: #a7a7a7; touch-action: manipulation; position: relative; word-break: normal; overflow-wrap: normal; font-family: -apple-system, system-ui, BlinkMacSystemFont, 'Segoe UI', Roboto, 'Helvetica Neue', 'Fira Sans', Ubuntu, Oxygen, 'Oxygen Sans', Cantarell, 'Droid Sans', 'Apple Color Emoji', 'Segoe UI Emoji', 'Segoe UI Emoji', 'Segoe UI Symbol', 'Lucida Grande', Helvetica, Arial, sans-serif;\" href=\"https:\/\/www.linkedin.com\/in\/ACoAAB6OCN0BddU4fig9wxnp8jxnXspsF0ov9sA\" data-attribute-index=\"6\" data-entity-type=\"MINI_PROFILE\">Mathis Duma<\/a>s,\u00a0<a style=\"font-style: normal; font-variant-caps: normal; caret-color: #000000; letter-spacing: normal; box-sizing: inherit; margin: var(--artdeco-reset-base-margin-zero); padding: var(--artdeco-reset-base-padding-zero); font-size: 14px; vertical-align: var(--artdeco-reset-base-vertical-align-baseline); text-decoration: var(--artdeco-reset-link-text-decoration-none); border: var(--artdeco-reset-link-border-zero); color: #a7a7a7; touch-action: manipulation; position: relative; word-break: normal; overflow-wrap: normal; font-family: -apple-system, system-ui, BlinkMacSystemFont, 'Segoe UI', Roboto, 'Helvetica Neue', 'Fira Sans', Ubuntu, Oxygen, 'Oxygen Sans', Cantarell, 'Droid Sans', 'Apple Color Emoji', 'Segoe UI Emoji', 'Segoe UI Emoji', 'Segoe UI Symbol', 'Lucida Grande', Helvetica, Arial, sans-serif;\" href=\"https:\/\/www.linkedin.com\/in\/ACoAABG2d2kBMshMAUVlUUEJp-m1Jve31aGp37c\" data-attribute-index=\"8\" data-entity-type=\"MINI_PROFILE\">Jordan Manoukia<\/a>n, Floran Andreani, Morgan Bodet, Nicolas Thellier, A<a style=\"font-style: normal; font-variant-caps: normal; caret-color: #000000; letter-spacing: normal; box-sizing: inherit; margin: var(--artdeco-reset-base-margin-zero); padding: var(--artdeco-reset-base-padding-zero); font-size: 14px; vertical-align: var(--artdeco-reset-base-vertical-align-baseline); text-decoration: var(--artdeco-reset-link-text-decoration-none); border: var(--artdeco-reset-link-border-zero); color: #a7a7a7; touch-action: manipulation; position: relative; word-break: normal; overflow-wrap: normal; font-family: -apple-system, system-ui, BlinkMacSystemFont, 'Segoe UI', Roboto, 'Helvetica Neue', 'Fira Sans', Ubuntu, Oxygen, 'Oxygen Sans', Cantarell, 'Droid Sans', 'Apple Color Emoji', 'Segoe UI Emoji', 'Segoe UI Emoji', 'Segoe UI Symbol', 'Lucida Grande', Helvetica, Arial, sans-serif;\" href=\"https:\/\/www.linkedin.com\/in\/ACoAACeR8pEBM_cemmkkSnNgEKmyZbXUc7yn9uY\" data-attribute-index=\"10\" data-entity-type=\"MINI_PROFILE\">rnaud Burill<\/a>e, Fanny Mathildemanon, V<a style=\"font-style: normal; font-variant-caps: normal; caret-color: #000000; letter-spacing: normal; box-sizing: inherit; margin: var(--artdeco-reset-base-margin-zero); padding: var(--artdeco-reset-base-padding-zero); font-size: 14px; vertical-align: var(--artdeco-reset-base-vertical-align-baseline); text-decoration: var(--artdeco-reset-link-text-decoration-none); border: var(--artdeco-reset-link-border-zero); color: #a7a7a7; touch-action: manipulation; position: relative; word-break: normal; overflow-wrap: normal; font-family: -apple-system, system-ui, BlinkMacSystemFont, 'Segoe UI', Roboto, 'Helvetica Neue', 'Fira Sans', Ubuntu, Oxygen, 'Oxygen Sans', Cantarell, 'Droid Sans', 'Apple Color Emoji', 'Segoe UI Emoji', 'Segoe UI Emoji', 'Segoe UI Symbol', 'Lucida Grande', Helvetica, Arial, sans-serif;\" href=\"https:\/\/www.linkedin.com\/in\/ACoAAChUu9oBVCO8QcOFfc2yYmBu3sejx8AptR0\" data-attribute-index=\"12\" data-entity-type=\"MINI_PROFILE\">ictor B<\/a>arcus, Arnaud August,\u00a0<a style=\"font-style: normal; font-variant-caps: normal; caret-color: #000000; letter-spacing: normal; box-sizing: inherit; margin: var(--artdeco-reset-base-margin-zero); padding: var(--artdeco-reset-base-padding-zero); font-size: 14px; vertical-align: var(--artdeco-reset-base-vertical-align-baseline); text-decoration: var(--artdeco-reset-link-text-decoration-none); border: var(--artdeco-reset-link-border-zero); color: #a7a7a7; touch-action: manipulation; position: relative; word-break: normal; overflow-wrap: normal; font-family: -apple-system, system-ui, BlinkMacSystemFont, 'Segoe UI', Roboto, 'Helvetica Neue', 'Fira Sans', Ubuntu, Oxygen, 'Oxygen Sans', Cantarell, 'Droid Sans', 'Apple Color Emoji', 'Segoe UI Emoji', 'Segoe UI Emoji', 'Segoe UI Symbol', 'Lucida Grande', Helvetica, Arial, sans-serif;\" href=\"https:\/\/www.linkedin.com\/in\/ACoAABYcBuQBnfIQzu1La1rqzovHMG_oWvTnbrc\" data-attribute-index=\"14\" data-entity-type=\"MINI_PROFILE\">Cedric Manoukian<\/a>, et Florian Keller<\/p><p>\u00a0<\/p>\t\t\t\t\t\t<\/div>\n\t\t\t\t<\/div>\n\t\t\t\t\t<\/div>\n\t\t<\/div>\n\t\t\t\t\t\t\t<\/div>\n\t\t<\/section>\n\t\t\t\t<section class=\"elementor-section elementor-top-section elementor-element elementor-element-e32b957 elementor-section-boxed elementor-section-height-default elementor-section-height-default\" data-id=\"e32b957\" data-element_type=\"section\">\n\t\t\t\t\t\t<div class=\"elementor-container elementor-column-gap-default\">\n\t\t\t\t\t<div class=\"elementor-column elementor-col-33 elementor-top-column elementor-element elementor-element-897be04\" data-id=\"897be04\" data-element_type=\"column\">\n\t\t\t<div class=\"elementor-widget-wrap elementor-element-populated\">\n\t\t\t\t\t\t\t\t<div class=\"elementor-element elementor-element-862a615 elementor-widget elementor-widget-image\" data-id=\"862a615\" data-element_type=\"widget\" data-widget_type=\"image.default\">\n\t\t\t\t<div class=\"elementor-widget-container\">\n\t\t\t<style>\/*! elementor - v3.18.0 - 08-12-2023 *\/\n.elementor-widget-image{text-align:center}.elementor-widget-image a{display:inline-block}.elementor-widget-image a img[src$=\".svg\"]{width:48px}.elementor-widget-image img{vertical-align:middle;display:inline-block}<\/style>\t\t\t\t\t\t\t\t\t\t\t\t\t<a href=\"https:\/\/www.instagram.com\/reel\/ChvHWtSAxzH\/?utm_source=ig_web_copy_link&#038;igsh=MzRlODBiNWFlZA==\">\n\t\t\t\t\t\t\t<img fetchpriority=\"high\" decoding=\"async\" width=\"454\" height=\"710\" src=\"https:\/\/lilianmenetrier.com\/wp-content\/uploads\/2024\/02\/Capture-decran-2024-02-16-a-16.35.26.png\" class=\"attachment-large size-large wp-image-500\" alt=\"\" srcset=\"https:\/\/lilianmenetrier.com\/wp-content\/uploads\/2024\/02\/Capture-decran-2024-02-16-a-16.35.26.png 454w, https:\/\/lilianmenetrier.com\/wp-content\/uploads\/2024\/02\/Capture-decran-2024-02-16-a-16.35.26-192x300.png 192w\" sizes=\"(max-width: 454px) 100vw, 454px\" \/>\t\t\t\t\t\t\t\t<\/a>\n\t\t\t\t\t\t\t\t\t\t\t\t\t\t\t<\/div>\n\t\t\t\t<\/div>\n\t\t\t\t\t<\/div>\n\t\t<\/div>\n\t\t\t\t<div class=\"elementor-column elementor-col-33 elementor-top-column elementor-element elementor-element-712dacc\" data-id=\"712dacc\" data-element_type=\"column\">\n\t\t\t<div class=\"elementor-widget-wrap elementor-element-populated\">\n\t\t\t\t\t\t\t\t<div class=\"elementor-element elementor-element-ef5de5a elementor-widget elementor-widget-image\" data-id=\"ef5de5a\" data-element_type=\"widget\" data-widget_type=\"image.default\">\n\t\t\t\t<div class=\"elementor-widget-container\">\n\t\t\t\t\t\t\t\t\t\t\t\t\t\t\t\t<a href=\"https:\/\/www.instagram.com\/reel\/ChxiXeTuoGr\/?utm_source=ig_web_copy_link&#038;igsh=MzRlODBiNWFlZA==\">\n\t\t\t\t\t\t\t<img decoding=\"async\" width=\"454\" height=\"708\" src=\"https:\/\/lilianmenetrier.com\/wp-content\/uploads\/2024\/02\/Capture-decran-2024-02-16-a-16.33.36.png\" class=\"attachment-large size-large wp-image-496\" alt=\"\" srcset=\"https:\/\/lilianmenetrier.com\/wp-content\/uploads\/2024\/02\/Capture-decran-2024-02-16-a-16.33.36.png 454w, https:\/\/lilianmenetrier.com\/wp-content\/uploads\/2024\/02\/Capture-decran-2024-02-16-a-16.33.36-192x300.png 192w\" sizes=\"(max-width: 454px) 100vw, 454px\" \/>\t\t\t\t\t\t\t\t<\/a>\n\t\t\t\t\t\t\t\t\t\t\t\t\t\t\t<\/div>\n\t\t\t\t<\/div>\n\t\t\t\t\t<\/div>\n\t\t<\/div>\n\t\t\t\t<div class=\"elementor-column elementor-col-33 elementor-top-column elementor-element elementor-element-4ff1956\" data-id=\"4ff1956\" data-element_type=\"column\">\n\t\t\t<div class=\"elementor-widget-wrap elementor-element-populated\">\n\t\t\t\t\t\t\t\t<div class=\"elementor-element elementor-element-888c71e elementor-widget elementor-widget-image\" data-id=\"888c71e\" data-element_type=\"widget\" data-widget_type=\"image.default\">\n\t\t\t\t<div class=\"elementor-widget-container\">\n\t\t\t\t\t\t\t\t\t\t\t\t\t\t\t\t<a href=\"https:\/\/www.instagram.com\/reel\/Ch2s957sBrF\/?utm_source=ig_web_copy_link&#038;igsh=MzRlODBiNWFlZA==\">\n\t\t\t\t\t\t\t<img decoding=\"async\" width=\"456\" height=\"712\" src=\"https:\/\/lilianmenetrier.com\/wp-content\/uploads\/2024\/02\/Capture-decran-2024-02-16-a-16.32.24.png\" class=\"attachment-large size-large wp-image-495\" alt=\"\" srcset=\"https:\/\/lilianmenetrier.com\/wp-content\/uploads\/2024\/02\/Capture-decran-2024-02-16-a-16.32.24.png 456w, https:\/\/lilianmenetrier.com\/wp-content\/uploads\/2024\/02\/Capture-decran-2024-02-16-a-16.32.24-192x300.png 192w\" sizes=\"(max-width: 456px) 100vw, 456px\" \/>\t\t\t\t\t\t\t\t<\/a>\n\t\t\t\t\t\t\t\t\t\t\t\t\t\t\t<\/div>\n\t\t\t\t<\/div>\n\t\t\t\t\t<\/div>\n\t\t<\/div>\n\t\t\t\t\t\t\t<\/div>\n\t\t<\/section>\n\t\t\t\t\t\t\t<\/div>\n\t\t","protected":false},"excerpt":{"rendered":"<p>THE NORTH FACE &#8211; UTMB FILMMAKER Suivi de la mythique course de quartier de Chamonix aux c\u00f4t\u00e9s de la team North Face.\u00a0 Travail r\u00e9alis\u00e9 avec\u00a0Mathis Dumas,\u00a0Jordan Manoukian, Floran Andreani, Morgan Bodet, Nicolas Thellier, Arnaud Burille, Fanny Mathildemanon, Victor Barcus, Arnaud August,\u00a0Cedric Manoukian, et Florian Keller \u00a0<\/p>\n","protected":false},"author":1,"featured_media":0,"parent":0,"menu_order":0,"comment_status":"closed","ping_status":"closed","template":"","meta":{"footnotes":""},"yoast_head":"<!-- This site is optimized with the Yoast SEO plugin v21.6 - https:\/\/yoast.com\/wordpress\/plugins\/seo\/ -->\n<title>THE NORTH FACE - UTMB - lilian M\u00e9n\u00e9trier<\/title>\n<meta name=\"robots\" content=\"index, follow, max-snippet:-1, max-image-preview:large, max-video-preview:-1\" \/>\n<link rel=\"canonical\" href=\"https:\/\/lilianmenetrier.com\/?page_id=488\" \/>\n<meta property=\"og:locale\" content=\"en_US\" \/>\n<meta property=\"og:type\" content=\"article\" \/>\n<meta property=\"og:title\" content=\"THE NORTH FACE - UTMB - lilian M\u00e9n\u00e9trier\" \/>\n<meta property=\"og:description\" content=\"THE NORTH FACE &#8211; UTMB FILMMAKER Suivi de la mythique course de quartier de Chamonix aux c\u00f4t\u00e9s de la team North Face.\u00a0 Travail r\u00e9alis\u00e9 avec\u00a0Mathis Dumas,\u00a0Jordan Manoukian, Floran Andreani, Morgan Bodet, Nicolas Thellier, Arnaud Burille, Fanny Mathildemanon, Victor Barcus, Arnaud August,\u00a0Cedric Manoukian, et Florian Keller \u00a0\" \/>\n<meta property=\"og:url\" content=\"https:\/\/lilianmenetrier.com\/?page_id=488\" \/>\n<meta property=\"og:site_name\" content=\"lilian M\u00e9n\u00e9trier\" \/>\n<meta property=\"article:modified_time\" content=\"2024-02-16T15:55:09+00:00\" \/>\n<meta property=\"og:image\" content=\"http:\/\/lilianmenetrier.com\/wp-content\/uploads\/2024\/02\/Capture-decran-2024-02-16-a-16.35.26.png\" \/>\n<meta name=\"twitter:card\" content=\"summary_large_image\" \/>\n<meta name=\"twitter:label1\" content=\"Est. reading time\" \/>\n\t<meta name=\"twitter:data1\" content=\"1 minute\" \/>\n<script type=\"application\/ld+json\" class=\"yoast-schema-graph\">{\"@context\":\"https:\/\/schema.org\",\"@graph\":[{\"@type\":\"WebPage\",\"@id\":\"https:\/\/lilianmenetrier.com\/?page_id=488\",\"url\":\"https:\/\/lilianmenetrier.com\/?page_id=488\",\"name\":\"THE NORTH FACE - UTMB - lilian M\u00e9n\u00e9trier\",\"isPartOf\":{\"@id\":\"https:\/\/lilianmenetrier.com\/#website\"},\"datePublished\":\"2024-02-16T15:24:51+00:00\",\"dateModified\":\"2024-02-16T15:55:09+00:00\",\"breadcrumb\":{\"@id\":\"https:\/\/lilianmenetrier.com\/?page_id=488#breadcrumb\"},\"inLanguage\":\"en-US\",\"potentialAction\":[{\"@type\":\"ReadAction\",\"target\":[\"https:\/\/lilianmenetrier.com\/?page_id=488\"]}]},{\"@type\":\"BreadcrumbList\",\"@id\":\"https:\/\/lilianmenetrier.com\/?page_id=488#breadcrumb\",\"itemListElement\":[{\"@type\":\"ListItem\",\"position\":1,\"name\":\"Accueil\",\"item\":\"https:\/\/lilianmenetrier.com\/\"},{\"@type\":\"ListItem\",\"position\":2,\"name\":\"THE NORTH FACE &#8211; UTMB\"}]},{\"@type\":\"WebSite\",\"@id\":\"https:\/\/lilianmenetrier.com\/#website\",\"url\":\"https:\/\/lilianmenetrier.com\/\",\"name\":\"lilian M\u00e9n\u00e9trier\",\"description\":\"\",\"publisher\":{\"@id\":\"https:\/\/lilianmenetrier.com\/#organization\"},\"potentialAction\":[{\"@type\":\"SearchAction\",\"target\":{\"@type\":\"EntryPoint\",\"urlTemplate\":\"https:\/\/lilianmenetrier.com\/?s={search_term_string}\"},\"query-input\":\"required name=search_term_string\"}],\"inLanguage\":\"en-US\"},{\"@type\":\"Organization\",\"@id\":\"https:\/\/lilianmenetrier.com\/#organization\",\"name\":\"lilian M\u00e9n\u00e9trier\",\"url\":\"https:\/\/lilianmenetrier.com\/\",\"logo\":{\"@type\":\"ImageObject\",\"inLanguage\":\"en-US\",\"@id\":\"https:\/\/lilianmenetrier.com\/#\/schema\/logo\/image\/\",\"url\":\"https:\/\/lilianmenetrier.com\/wp-content\/uploads\/2024\/01\/cropped-LOGO-1-2.png\",\"contentUrl\":\"https:\/\/lilianmenetrier.com\/wp-content\/uploads\/2024\/01\/cropped-LOGO-1-2.png\",\"width\":2224,\"height\":526,\"caption\":\"lilian M\u00e9n\u00e9trier\"},\"image\":{\"@id\":\"https:\/\/lilianmenetrier.com\/#\/schema\/logo\/image\/\"}}]}<\/script>\n<!-- \/ Yoast SEO plugin. -->","yoast_head_json":{"title":"THE NORTH FACE - UTMB - lilian M\u00e9n\u00e9trier","robots":{"index":"index","follow":"follow","max-snippet":"max-snippet:-1","max-image-preview":"max-image-preview:large","max-video-preview":"max-video-preview:-1"},"canonical":"https:\/\/lilianmenetrier.com\/?page_id=488","og_locale":"en_US","og_type":"article","og_title":"THE NORTH FACE - UTMB - lilian M\u00e9n\u00e9trier","og_description":"THE NORTH FACE &#8211; UTMB FILMMAKER Suivi de la mythique course de quartier de Chamonix aux c\u00f4t\u00e9s de la team North Face.\u00a0 Travail r\u00e9alis\u00e9 avec\u00a0Mathis Dumas,\u00a0Jordan Manoukian, Floran Andreani, Morgan Bodet, Nicolas Thellier, Arnaud Burille, Fanny Mathildemanon, Victor Barcus, Arnaud August,\u00a0Cedric Manoukian, et Florian Keller \u00a0","og_url":"https:\/\/lilianmenetrier.com\/?page_id=488","og_site_name":"lilian M\u00e9n\u00e9trier","article_modified_time":"2024-02-16T15:55:09+00:00","og_image":[{"url":"http:\/\/lilianmenetrier.com\/wp-content\/uploads\/2024\/02\/Capture-decran-2024-02-16-a-16.35.26.png"}],"twitter_card":"summary_large_image","twitter_misc":{"Est. reading time":"1 minute"},"schema":{"@context":"https:\/\/schema.org","@graph":[{"@type":"WebPage","@id":"https:\/\/lilianmenetrier.com\/?page_id=488","url":"https:\/\/lilianmenetrier.com\/?page_id=488","name":"THE NORTH FACE - UTMB - lilian M\u00e9n\u00e9trier","isPartOf":{"@id":"https:\/\/lilianmenetrier.com\/#website"},"datePublished":"2024-02-16T15:24:51+00:00","dateModified":"2024-02-16T15:55:09+00:00","breadcrumb":{"@id":"https:\/\/lilianmenetrier.com\/?page_id=488#breadcrumb"},"inLanguage":"en-US","potentialAction":[{"@type":"ReadAction","target":["https:\/\/lilianmenetrier.com\/?page_id=488"]}]},{"@type":"BreadcrumbList","@id":"https:\/\/lilianmenetrier.com\/?page_id=488#breadcrumb","itemListElement":[{"@type":"ListItem","position":1,"name":"Accueil","item":"https:\/\/lilianmenetrier.com\/"},{"@type":"ListItem","position":2,"name":"THE NORTH FACE &#8211; UTMB"}]},{"@type":"WebSite","@id":"https:\/\/lilianmenetrier.com\/#website","url":"https:\/\/lilianmenetrier.com\/","name":"lilian M\u00e9n\u00e9trier","description":"","publisher":{"@id":"https:\/\/lilianmenetrier.com\/#organization"},"potentialAction":[{"@type":"SearchAction","target":{"@type":"EntryPoint","urlTemplate":"https:\/\/lilianmenetrier.com\/?s={search_term_string}"},"query-input":"required name=search_term_string"}],"inLanguage":"en-US"},{"@type":"Organization","@id":"https:\/\/lilianmenetrier.com\/#organization","name":"lilian M\u00e9n\u00e9trier","url":"https:\/\/lilianmenetrier.com\/","logo":{"@type":"ImageObject","inLanguage":"en-US","@id":"https:\/\/lilianmenetrier.com\/#\/schema\/logo\/image\/","url":"https:\/\/lilianmenetrier.com\/wp-content\/uploads\/2024\/01\/cropped-LOGO-1-2.png","contentUrl":"https:\/\/lilianmenetrier.com\/wp-content\/uploads\/2024\/01\/cropped-LOGO-1-2.png","width":2224,"height":526,"caption":"lilian M\u00e9n\u00e9trier"},"image":{"@id":"https:\/\/lilianmenetrier.com\/#\/schema\/logo\/image\/"}}]}},"_links":{"self":[{"href":"https:\/\/lilianmenetrier.com\/index.php?rest_route=\/wp\/v2\/pages\/488"}],"collection":[{"href":"https:\/\/lilianmenetrier.com\/index.php?rest_route=\/wp\/v2\/pages"}],"about":[{"href":"https:\/\/lilianmenetrier.com\/index.php?rest_route=\/wp\/v2\/types\/page"}],"author":[{"embeddable":true,"href":"https:\/\/lilianmenetrier.com\/index.php?rest_route=\/wp\/v2\/users\/1"}],"replies":[{"embeddable":true,"href":"https:\/\/lilianmenetrier.com\/index.php?rest_route=%2Fwp%2Fv2%2Fcomments&post=488"}],"version-history":[{"count":13,"href":"https:\/\/lilianmenetrier.com\/index.php?rest_route=\/wp\/v2\/pages\/488\/revisions"}],"predecessor-version":[{"id":507,"href":"https:\/\/lilianmenetrier.com\/index.php?rest_route=\/wp\/v2\/pages\/488\/revisions\/507"}],"wp:attachment":[{"href":"https:\/\/lilianmenetrier.com\/index.php?rest_route=%2Fwp%2Fv2%2Fmedia&parent=488"}],"curies":[{"name":"wp","href":"https:\/\/api.w.org\/{rel}","templated":true}]}}