{"id":688,"date":"2024-09-13T15:39:17","date_gmt":"2024-09-13T13:39:17","guid":{"rendered":"https:\/\/lilianmenetrier.com\/?page_id=688"},"modified":"2024-09-13T16:14:55","modified_gmt":"2024-09-13T14:14:55","slug":"zefal-be-brillant","status":"publish","type":"page","link":"https:\/\/lilianmenetrier.com\/?page_id=688","title":{"rendered":"ZEFAL &#8211; BE BRILLANT"},"content":{"rendered":"\t\t<div data-elementor-type=\"wp-page\" data-elementor-id=\"688\" class=\"elementor elementor-688\">\n\t\t\t\t\t\t\t\t\t<section class=\"elementor-section elementor-top-section elementor-element elementor-element-84977e6 elementor-section-boxed elementor-section-height-default elementor-section-height-default\" data-id=\"84977e6\" data-element_type=\"section\">\n\t\t\t\t\t\t<div class=\"elementor-container elementor-column-gap-default\">\n\t\t\t\t\t<div class=\"elementor-column elementor-col-100 elementor-top-column elementor-element elementor-element-e510c73\" data-id=\"e510c73\" data-element_type=\"column\">\n\t\t\t<div class=\"elementor-widget-wrap elementor-element-populated\">\n\t\t\t\t\t\t\t\t<div class=\"elementor-element elementor-element-a8b8a3e elementor-widget elementor-widget-heading\" data-id=\"a8b8a3e\" data-element_type=\"widget\" data-widget_type=\"heading.default\">\n\t\t\t\t<div class=\"elementor-widget-container\">\n\t\t\t<style>\/*! elementor - v3.18.0 - 08-12-2023 *\/\n.elementor-heading-title{padding:0;margin:0;line-height:1}.elementor-widget-heading .elementor-heading-title[class*=elementor-size-]>a{color:inherit;font-size:inherit;line-height:inherit}.elementor-widget-heading .elementor-heading-title.elementor-size-small{font-size:15px}.elementor-widget-heading .elementor-heading-title.elementor-size-medium{font-size:19px}.elementor-widget-heading .elementor-heading-title.elementor-size-large{font-size:29px}.elementor-widget-heading .elementor-heading-title.elementor-size-xl{font-size:39px}.elementor-widget-heading .elementor-heading-title.elementor-size-xxl{font-size:59px}<\/style><h2 class=\"elementor-heading-title elementor-size-default\">ZEFAL - BE BRILLANT<\/h2>\t\t<\/div>\n\t\t\t\t<\/div>\n\t\t\t\t<div class=\"elementor-element elementor-element-0a791c0 elementor-widget elementor-widget-heading\" data-id=\"0a791c0\" data-element_type=\"widget\" data-widget_type=\"heading.default\">\n\t\t\t\t<div class=\"elementor-widget-container\">\n\t\t\t<h2 class=\"elementor-heading-title elementor-size-default\">FILMMAKER - VIDEO EDITOR <\/h2>\t\t<\/div>\n\t\t\t\t<\/div>\n\t\t\t\t<div class=\"elementor-element elementor-element-3268340 elementor-widget elementor-widget-text-editor\" data-id=\"3268340\" data-element_type=\"widget\" data-widget_type=\"text-editor.default\">\n\t\t\t\t<div class=\"elementor-widget-container\">\n\t\t\t<style>\/*! elementor - v3.18.0 - 08-12-2023 *\/\n.elementor-widget-text-editor.elementor-drop-cap-view-stacked .elementor-drop-cap{background-color:#69727d;color:#fff}.elementor-widget-text-editor.elementor-drop-cap-view-framed .elementor-drop-cap{color:#69727d;border:3px solid;background-color:transparent}.elementor-widget-text-editor:not(.elementor-drop-cap-view-default) .elementor-drop-cap{margin-top:8px}.elementor-widget-text-editor:not(.elementor-drop-cap-view-default) .elementor-drop-cap-letter{width:1em;height:1em}.elementor-widget-text-editor .elementor-drop-cap{float:left;text-align:center;line-height:1;font-size:50px}.elementor-widget-text-editor .elementor-drop-cap-letter{display:inline-block}<\/style>\t\t\t\t<p>R\u00e9alisation vid\u00e9o et \u00e9diting de la campagne BE BRILLANT avec Outdoor Perspective. D\u00e9clinaison par produit en 6 langues, r\u00e9alisation d&#8217;une publicit\u00e9 et d&#8217;un spot pour Eurosport.\u00a0<\/p>\t\t\t\t\t\t<\/div>\n\t\t\t\t<\/div>\n\t\t\t\t\t<\/div>\n\t\t<\/div>\n\t\t\t\t\t\t\t<\/div>\n\t\t<\/section>\n\t\t\t\t<section class=\"elementor-section elementor-top-section elementor-element elementor-element-678f1be elementor-section-boxed elementor-section-height-default elementor-section-height-default\" data-id=\"678f1be\" data-element_type=\"section\">\n\t\t\t\t\t\t<div class=\"elementor-container elementor-column-gap-default\">\n\t\t\t\t\t<div class=\"elementor-column elementor-col-100 elementor-top-column elementor-element elementor-element-a780c43\" data-id=\"a780c43\" data-element_type=\"column\">\n\t\t\t<div class=\"elementor-widget-wrap elementor-element-populated\">\n\t\t\t\t\t\t\t\t<div class=\"elementor-element elementor-element-233860a elementor-widget__width-inherit e-transform elementor-widget elementor-widget-text-editor\" data-id=\"233860a\" data-element_type=\"widget\" data-settings=\"{&quot;_transform_scale_effect&quot;:{&quot;unit&quot;:&quot;px&quot;,&quot;size&quot;:&quot;&quot;,&quot;sizes&quot;:[]},&quot;_transform_scale_effect_tablet&quot;:{&quot;unit&quot;:&quot;px&quot;,&quot;size&quot;:&quot;&quot;,&quot;sizes&quot;:[]},&quot;_transform_scale_effect_mobile&quot;:{&quot;unit&quot;:&quot;px&quot;,&quot;size&quot;:&quot;&quot;,&quot;sizes&quot;:[]}}\" data-widget_type=\"text-editor.default\">\n\t\t\t\t<div class=\"elementor-widget-container\">\n\t\t\t\t\t\t\t<p><u>DIRECTOR<\/u> : Pierre Mollet&nbsp;<u style=\"font-size: 14px; letter-spacing: 0.3px;\">FILMMAKER<\/u><span style=\"font-size: 14px; letter-spacing: 0.3px;\"> : Lilian M\u00e9n\u00e9trier \/ FLORIAN Keller&nbsp;<\/span><span style=\"font-size: 14px; letter-spacing: 0.3px;\"><u>EDITING<\/u> : Lilian M\u00e9n\u00e9trier <u>SOUND DESIGN<\/u> : M\u00e9ldio<\/span><\/p>\t\t\t\t\t\t<\/div>\n\t\t\t\t<\/div>\n\t\t\t\t\t<\/div>\n\t\t<\/div>\n\t\t\t\t\t\t\t<\/div>\n\t\t<\/section>\n\t\t\t\t<section class=\"elementor-section elementor-top-section elementor-element elementor-element-8f4eae8 elementor-section-boxed elementor-section-height-default elementor-section-height-default\" data-id=\"8f4eae8\" data-element_type=\"section\">\n\t\t\t\t\t\t<div class=\"elementor-container elementor-column-gap-default\">\n\t\t\t\t\t<div class=\"elementor-column elementor-col-100 elementor-top-column elementor-element elementor-element-2be99dc\" data-id=\"2be99dc\" data-element_type=\"column\">\n\t\t\t<div class=\"elementor-widget-wrap elementor-element-populated\">\n\t\t\t\t\t\t\t\t<div class=\"elementor-element elementor-element-e19dade elementor-widget elementor-widget-video\" data-id=\"e19dade\" data-element_type=\"widget\" data-settings=\"{&quot;youtube_url&quot;:&quot;https:\\\/\\\/www.youtube.com\\\/watch?v=rTSttiF2LeQ&quot;,&quot;video_type&quot;:&quot;youtube&quot;,&quot;controls&quot;:&quot;yes&quot;}\" data-widget_type=\"video.default\">\n\t\t\t\t<div class=\"elementor-widget-container\">\n\t\t\t<style>\/*! elementor - v3.18.0 - 08-12-2023 *\/\n.elementor-widget-video .elementor-widget-container{overflow:hidden;transform:translateZ(0)}.elementor-widget-video .elementor-wrapper{aspect-ratio:var(--video-aspect-ratio)}.elementor-widget-video .elementor-wrapper iframe,.elementor-widget-video .elementor-wrapper video{height:100%;width:100%;display:flex;border:none;background-color:#000}@supports not (aspect-ratio:1\/1){.elementor-widget-video .elementor-wrapper{position:relative;overflow:hidden;height:0;padding-bottom:calc(100% \/ var(--video-aspect-ratio))}.elementor-widget-video .elementor-wrapper iframe,.elementor-widget-video .elementor-wrapper video{position:absolute;top:0;right:0;bottom:0;left:0}}.elementor-widget-video .elementor-open-inline .elementor-custom-embed-image-overlay{position:absolute;top:0;right:0;bottom:0;left:0;background-size:cover;background-position:50%}.elementor-widget-video .elementor-custom-embed-image-overlay{cursor:pointer;text-align:center}.elementor-widget-video .elementor-custom-embed-image-overlay:hover .elementor-custom-embed-play i{opacity:1}.elementor-widget-video .elementor-custom-embed-image-overlay img{display:block;width:100%;aspect-ratio:var(--video-aspect-ratio);-o-object-fit:cover;object-fit:cover;-o-object-position:center center;object-position:center center}@supports not (aspect-ratio:1\/1){.elementor-widget-video .elementor-custom-embed-image-overlay{position:relative;overflow:hidden;height:0;padding-bottom:calc(100% \/ var(--video-aspect-ratio))}.elementor-widget-video .elementor-custom-embed-image-overlay img{position:absolute;top:0;right:0;bottom:0;left:0}}.elementor-widget-video .e-hosted-video .elementor-video{-o-object-fit:cover;object-fit:cover}.e-con-inner>.elementor-widget-video,.e-con>.elementor-widget-video{width:var(--container-widget-width);--flex-grow:var(--container-widget-flex-grow)}<\/style>\t\t<div class=\"elementor-wrapper elementor-open-inline\">\n\t\t\t<div class=\"elementor-video\"><\/div>\t\t<\/div>\n\t\t\t\t<\/div>\n\t\t\t\t<\/div>\n\t\t\t\t\t<\/div>\n\t\t<\/div>\n\t\t\t\t\t\t\t<\/div>\n\t\t<\/section>\n\t\t\t\t<section class=\"elementor-section elementor-top-section elementor-element elementor-element-0ad73e8 elementor-section-boxed elementor-section-height-default elementor-section-height-default\" data-id=\"0ad73e8\" data-element_type=\"section\">\n\t\t\t\t\t\t<div class=\"elementor-container elementor-column-gap-default\">\n\t\t\t\t\t<div class=\"elementor-column elementor-col-25 elementor-top-column elementor-element elementor-element-28ef0c4\" data-id=\"28ef0c4\" data-element_type=\"column\">\n\t\t\t<div class=\"elementor-widget-wrap elementor-element-populated\">\n\t\t\t\t\t\t\t\t<div class=\"elementor-element elementor-element-3ae54ea elementor-widget elementor-widget-video\" data-id=\"3ae54ea\" data-element_type=\"widget\" data-settings=\"{&quot;youtube_url&quot;:&quot;https:\\\/\\\/www.youtube.com\\\/watch?v=6Ezeoj-GAP0&quot;,&quot;video_type&quot;:&quot;youtube&quot;,&quot;controls&quot;:&quot;yes&quot;}\" data-widget_type=\"video.default\">\n\t\t\t\t<div class=\"elementor-widget-container\">\n\t\t\t\t\t<div class=\"elementor-wrapper elementor-open-inline\">\n\t\t\t<div class=\"elementor-video\"><\/div>\t\t<\/div>\n\t\t\t\t<\/div>\n\t\t\t\t<\/div>\n\t\t\t\t\t<\/div>\n\t\t<\/div>\n\t\t\t\t<div class=\"elementor-column elementor-col-25 elementor-top-column elementor-element elementor-element-8002fe5\" data-id=\"8002fe5\" data-element_type=\"column\">\n\t\t\t<div class=\"elementor-widget-wrap elementor-element-populated\">\n\t\t\t\t\t\t\t\t<div class=\"elementor-element elementor-element-c39d1c2 elementor-widget elementor-widget-video\" data-id=\"c39d1c2\" data-element_type=\"widget\" data-settings=\"{&quot;youtube_url&quot;:&quot;https:\\\/\\\/www.youtube.com\\\/watch?v=km12ZnrDGv0&quot;,&quot;video_type&quot;:&quot;youtube&quot;,&quot;controls&quot;:&quot;yes&quot;}\" data-widget_type=\"video.default\">\n\t\t\t\t<div class=\"elementor-widget-container\">\n\t\t\t\t\t<div class=\"elementor-wrapper elementor-open-inline\">\n\t\t\t<div class=\"elementor-video\"><\/div>\t\t<\/div>\n\t\t\t\t<\/div>\n\t\t\t\t<\/div>\n\t\t\t\t\t<\/div>\n\t\t<\/div>\n\t\t\t\t<div class=\"elementor-column elementor-col-25 elementor-top-column elementor-element elementor-element-b74a12b\" data-id=\"b74a12b\" data-element_type=\"column\">\n\t\t\t<div class=\"elementor-widget-wrap elementor-element-populated\">\n\t\t\t\t\t\t\t\t<div class=\"elementor-element elementor-element-439b0a3 elementor-widget elementor-widget-video\" data-id=\"439b0a3\" data-element_type=\"widget\" data-settings=\"{&quot;youtube_url&quot;:&quot;https:\\\/\\\/www.youtube.com\\\/watch?v=n2zeGt7fPjc&quot;,&quot;video_type&quot;:&quot;youtube&quot;,&quot;controls&quot;:&quot;yes&quot;}\" data-widget_type=\"video.default\">\n\t\t\t\t<div class=\"elementor-widget-container\">\n\t\t\t\t\t<div class=\"elementor-wrapper elementor-open-inline\">\n\t\t\t<div class=\"elementor-video\"><\/div>\t\t<\/div>\n\t\t\t\t<\/div>\n\t\t\t\t<\/div>\n\t\t\t\t\t<\/div>\n\t\t<\/div>\n\t\t\t\t<div class=\"elementor-column elementor-col-25 elementor-top-column elementor-element elementor-element-841943a\" data-id=\"841943a\" data-element_type=\"column\">\n\t\t\t<div class=\"elementor-widget-wrap elementor-element-populated\">\n\t\t\t\t\t\t\t\t<div class=\"elementor-element elementor-element-7bd256d elementor-widget elementor-widget-video\" data-id=\"7bd256d\" data-element_type=\"widget\" data-settings=\"{&quot;youtube_url&quot;:&quot;https:\\\/\\\/www.youtube.com\\\/watch?v=NjJLz7w3NPY&quot;,&quot;video_type&quot;:&quot;youtube&quot;,&quot;controls&quot;:&quot;yes&quot;}\" data-widget_type=\"video.default\">\n\t\t\t\t<div class=\"elementor-widget-container\">\n\t\t\t\t\t<div class=\"elementor-wrapper elementor-open-inline\">\n\t\t\t<div class=\"elementor-video\"><\/div>\t\t<\/div>\n\t\t\t\t<\/div>\n\t\t\t\t<\/div>\n\t\t\t\t\t<\/div>\n\t\t<\/div>\n\t\t\t\t\t\t\t<\/div>\n\t\t<\/section>\n\t\t\t\t\t\t\t<\/div>\n\t\t","protected":false},"excerpt":{"rendered":"<p>ZEFAL &#8211; BE BRILLANT FILMMAKER &#8211; VIDEO EDITOR R\u00e9alisation vid\u00e9o et \u00e9diting de la campagne BE BRILLANT avec Outdoor Perspective. D\u00e9clinaison par produit en 6 langues, r\u00e9alisation d&#8217;une publicit\u00e9 et d&#8217;un spot pour Eurosport.\u00a0 DIRECTOR : Pierre Mollet&nbsp;FILMMAKER : Lilian M\u00e9n\u00e9trier \/ FLORIAN Keller&nbsp;EDITING : Lilian M\u00e9n\u00e9trier SOUND DESIGN : M\u00e9ldio https:\/\/www.youtube.com\/watch?v=rTSttiF2LeQhttps:\/\/www.youtube.com\/watch?v=6Ezeoj-GAP0https:\/\/www.youtube.com\/watch?v=km12ZnrDGv0https:\/\/www.youtube.com\/watch?v=n2zeGt7fPjchttps:\/\/www.youtube.com\/watch?v=NjJLz7w3NPY<\/p>\n","protected":false},"author":1,"featured_media":0,"parent":0,"menu_order":0,"comment_status":"closed","ping_status":"closed","template":"","meta":{"footnotes":""},"yoast_head":"<!-- This site is optimized with the Yoast SEO plugin v21.6 - https:\/\/yoast.com\/wordpress\/plugins\/seo\/ -->\n<title>ZEFAL - BE BRILLANT - lilian M\u00e9n\u00e9trier<\/title>\n<meta name=\"robots\" content=\"index, follow, max-snippet:-1, max-image-preview:large, max-video-preview:-1\" \/>\n<link rel=\"canonical\" href=\"https:\/\/lilianmenetrier.com\/?page_id=688\" \/>\n<meta property=\"og:locale\" content=\"en_US\" \/>\n<meta property=\"og:type\" content=\"article\" \/>\n<meta property=\"og:title\" content=\"ZEFAL - BE BRILLANT - lilian M\u00e9n\u00e9trier\" \/>\n<meta property=\"og:description\" content=\"ZEFAL &#8211; BE BRILLANT FILMMAKER &#8211; VIDEO EDITOR R\u00e9alisation vid\u00e9o et \u00e9diting de la campagne BE BRILLANT avec Outdoor Perspective. D\u00e9clinaison par produit en 6 langues, r\u00e9alisation d&#8217;une publicit\u00e9 et d&#8217;un spot pour Eurosport.\u00a0 DIRECTOR : Pierre Mollet&nbsp;FILMMAKER : Lilian M\u00e9n\u00e9trier \/ FLORIAN Keller&nbsp;EDITING : Lilian M\u00e9n\u00e9trier SOUND DESIGN : M\u00e9ldio https:\/\/www.youtube.com\/watch?v=rTSttiF2LeQhttps:\/\/www.youtube.com\/watch?v=6Ezeoj-GAP0https:\/\/www.youtube.com\/watch?v=km12ZnrDGv0https:\/\/www.youtube.com\/watch?v=n2zeGt7fPjchttps:\/\/www.youtube.com\/watch?v=NjJLz7w3NPY\" \/>\n<meta property=\"og:url\" content=\"https:\/\/lilianmenetrier.com\/?page_id=688\" \/>\n<meta property=\"og:site_name\" content=\"lilian M\u00e9n\u00e9trier\" \/>\n<meta property=\"article:modified_time\" content=\"2024-09-13T14:14:55+00:00\" \/>\n<meta name=\"twitter:card\" content=\"summary_large_image\" \/>\n<meta name=\"twitter:label1\" content=\"Est. reading time\" \/>\n\t<meta name=\"twitter:data1\" content=\"1 minute\" \/>\n<script type=\"application\/ld+json\" class=\"yoast-schema-graph\">{\"@context\":\"https:\/\/schema.org\",\"@graph\":[{\"@type\":\"WebPage\",\"@id\":\"https:\/\/lilianmenetrier.com\/?page_id=688\",\"url\":\"https:\/\/lilianmenetrier.com\/?page_id=688\",\"name\":\"ZEFAL - BE BRILLANT - lilian M\u00e9n\u00e9trier\",\"isPartOf\":{\"@id\":\"https:\/\/lilianmenetrier.com\/#website\"},\"datePublished\":\"2024-09-13T13:39:17+00:00\",\"dateModified\":\"2024-09-13T14:14:55+00:00\",\"breadcrumb\":{\"@id\":\"https:\/\/lilianmenetrier.com\/?page_id=688#breadcrumb\"},\"inLanguage\":\"en-US\",\"potentialAction\":[{\"@type\":\"ReadAction\",\"target\":[\"https:\/\/lilianmenetrier.com\/?page_id=688\"]}]},{\"@type\":\"BreadcrumbList\",\"@id\":\"https:\/\/lilianmenetrier.com\/?page_id=688#breadcrumb\",\"itemListElement\":[{\"@type\":\"ListItem\",\"position\":1,\"name\":\"Accueil\",\"item\":\"https:\/\/lilianmenetrier.com\/\"},{\"@type\":\"ListItem\",\"position\":2,\"name\":\"ZEFAL &#8211; BE BRILLANT\"}]},{\"@type\":\"WebSite\",\"@id\":\"https:\/\/lilianmenetrier.com\/#website\",\"url\":\"https:\/\/lilianmenetrier.com\/\",\"name\":\"lilian M\u00e9n\u00e9trier\",\"description\":\"\",\"publisher\":{\"@id\":\"https:\/\/lilianmenetrier.com\/#organization\"},\"potentialAction\":[{\"@type\":\"SearchAction\",\"target\":{\"@type\":\"EntryPoint\",\"urlTemplate\":\"https:\/\/lilianmenetrier.com\/?s={search_term_string}\"},\"query-input\":\"required name=search_term_string\"}],\"inLanguage\":\"en-US\"},{\"@type\":\"Organization\",\"@id\":\"https:\/\/lilianmenetrier.com\/#organization\",\"name\":\"lilian M\u00e9n\u00e9trier\",\"url\":\"https:\/\/lilianmenetrier.com\/\",\"logo\":{\"@type\":\"ImageObject\",\"inLanguage\":\"en-US\",\"@id\":\"https:\/\/lilianmenetrier.com\/#\/schema\/logo\/image\/\",\"url\":\"https:\/\/lilianmenetrier.com\/wp-content\/uploads\/2024\/01\/cropped-LOGO-1-2.png\",\"contentUrl\":\"https:\/\/lilianmenetrier.com\/wp-content\/uploads\/2024\/01\/cropped-LOGO-1-2.png\",\"width\":2224,\"height\":526,\"caption\":\"lilian M\u00e9n\u00e9trier\"},\"image\":{\"@id\":\"https:\/\/lilianmenetrier.com\/#\/schema\/logo\/image\/\"}}]}<\/script>\n<!-- \/ Yoast SEO plugin. -->","yoast_head_json":{"title":"ZEFAL - BE BRILLANT - lilian M\u00e9n\u00e9trier","robots":{"index":"index","follow":"follow","max-snippet":"max-snippet:-1","max-image-preview":"max-image-preview:large","max-video-preview":"max-video-preview:-1"},"canonical":"https:\/\/lilianmenetrier.com\/?page_id=688","og_locale":"en_US","og_type":"article","og_title":"ZEFAL - BE BRILLANT - lilian M\u00e9n\u00e9trier","og_description":"ZEFAL &#8211; BE BRILLANT FILMMAKER &#8211; VIDEO EDITOR R\u00e9alisation vid\u00e9o et \u00e9diting de la campagne BE BRILLANT avec Outdoor Perspective. D\u00e9clinaison par produit en 6 langues, r\u00e9alisation d&#8217;une publicit\u00e9 et d&#8217;un spot pour Eurosport.\u00a0 DIRECTOR : Pierre Mollet&nbsp;FILMMAKER : Lilian M\u00e9n\u00e9trier \/ FLORIAN Keller&nbsp;EDITING : Lilian M\u00e9n\u00e9trier SOUND DESIGN : M\u00e9ldio https:\/\/www.youtube.com\/watch?v=rTSttiF2LeQhttps:\/\/www.youtube.com\/watch?v=6Ezeoj-GAP0https:\/\/www.youtube.com\/watch?v=km12ZnrDGv0https:\/\/www.youtube.com\/watch?v=n2zeGt7fPjchttps:\/\/www.youtube.com\/watch?v=NjJLz7w3NPY","og_url":"https:\/\/lilianmenetrier.com\/?page_id=688","og_site_name":"lilian M\u00e9n\u00e9trier","article_modified_time":"2024-09-13T14:14:55+00:00","twitter_card":"summary_large_image","twitter_misc":{"Est. reading time":"1 minute"},"schema":{"@context":"https:\/\/schema.org","@graph":[{"@type":"WebPage","@id":"https:\/\/lilianmenetrier.com\/?page_id=688","url":"https:\/\/lilianmenetrier.com\/?page_id=688","name":"ZEFAL - BE BRILLANT - lilian M\u00e9n\u00e9trier","isPartOf":{"@id":"https:\/\/lilianmenetrier.com\/#website"},"datePublished":"2024-09-13T13:39:17+00:00","dateModified":"2024-09-13T14:14:55+00:00","breadcrumb":{"@id":"https:\/\/lilianmenetrier.com\/?page_id=688#breadcrumb"},"inLanguage":"en-US","potentialAction":[{"@type":"ReadAction","target":["https:\/\/lilianmenetrier.com\/?page_id=688"]}]},{"@type":"BreadcrumbList","@id":"https:\/\/lilianmenetrier.com\/?page_id=688#breadcrumb","itemListElement":[{"@type":"ListItem","position":1,"name":"Accueil","item":"https:\/\/lilianmenetrier.com\/"},{"@type":"ListItem","position":2,"name":"ZEFAL &#8211; BE BRILLANT"}]},{"@type":"WebSite","@id":"https:\/\/lilianmenetrier.com\/#website","url":"https:\/\/lilianmenetrier.com\/","name":"lilian M\u00e9n\u00e9trier","description":"","publisher":{"@id":"https:\/\/lilianmenetrier.com\/#organization"},"potentialAction":[{"@type":"SearchAction","target":{"@type":"EntryPoint","urlTemplate":"https:\/\/lilianmenetrier.com\/?s={search_term_string}"},"query-input":"required name=search_term_string"}],"inLanguage":"en-US"},{"@type":"Organization","@id":"https:\/\/lilianmenetrier.com\/#organization","name":"lilian M\u00e9n\u00e9trier","url":"https:\/\/lilianmenetrier.com\/","logo":{"@type":"ImageObject","inLanguage":"en-US","@id":"https:\/\/lilianmenetrier.com\/#\/schema\/logo\/image\/","url":"https:\/\/lilianmenetrier.com\/wp-content\/uploads\/2024\/01\/cropped-LOGO-1-2.png","contentUrl":"https:\/\/lilianmenetrier.com\/wp-content\/uploads\/2024\/01\/cropped-LOGO-1-2.png","width":2224,"height":526,"caption":"lilian M\u00e9n\u00e9trier"},"image":{"@id":"https:\/\/lilianmenetrier.com\/#\/schema\/logo\/image\/"}}]}},"_links":{"self":[{"href":"https:\/\/lilianmenetrier.com\/index.php?rest_route=\/wp\/v2\/pages\/688"}],"collection":[{"href":"https:\/\/lilianmenetrier.com\/index.php?rest_route=\/wp\/v2\/pages"}],"about":[{"href":"https:\/\/lilianmenetrier.com\/index.php?rest_route=\/wp\/v2\/types\/page"}],"author":[{"embeddable":true,"href":"https:\/\/lilianmenetrier.com\/index.php?rest_route=\/wp\/v2\/users\/1"}],"replies":[{"embeddable":true,"href":"https:\/\/lilianmenetrier.com\/index.php?rest_route=%2Fwp%2Fv2%2Fcomments&post=688"}],"version-history":[{"count":11,"href":"https:\/\/lilianmenetrier.com\/index.php?rest_route=\/wp\/v2\/pages\/688\/revisions"}],"predecessor-version":[{"id":702,"href":"https:\/\/lilianmenetrier.com\/index.php?rest_route=\/wp\/v2\/pages\/688\/revisions\/702"}],"wp:attachment":[{"href":"https:\/\/lilianmenetrier.com\/index.php?rest_route=%2Fwp%2Fv2%2Fmedia&parent=688"}],"curies":[{"name":"wp","href":"https:\/\/api.w.org\/{rel}","templated":true}]}}