{"id":845,"date":"2025-06-25T16:57:47","date_gmt":"2025-06-25T14:57:47","guid":{"rendered":"https:\/\/lilianmenetrier.com\/?page_id=845"},"modified":"2025-06-25T17:18:39","modified_gmt":"2025-06-25T15:18:39","slug":"hoka-tecton-x","status":"publish","type":"page","link":"https:\/\/lilianmenetrier.com\/?page_id=845","title":{"rendered":"HOKA MAFATE X"},"content":{"rendered":"\t\t<div data-elementor-type=\"wp-page\" data-elementor-id=\"845\" class=\"elementor elementor-845\">\n\t\t\t\t\t\t\t\t\t<section class=\"elementor-section elementor-top-section elementor-element elementor-element-3b846f9 elementor-section-boxed elementor-section-height-default elementor-section-height-default\" data-id=\"3b846f9\" data-element_type=\"section\">\n\t\t\t\t\t\t<div class=\"elementor-container elementor-column-gap-default\">\n\t\t\t\t\t<div class=\"elementor-column elementor-col-100 elementor-top-column elementor-element elementor-element-2735dfd\" data-id=\"2735dfd\" data-element_type=\"column\">\n\t\t\t<div class=\"elementor-widget-wrap elementor-element-populated\">\n\t\t\t\t\t\t\t\t<div class=\"elementor-element elementor-element-4f145a8 elementor-widget elementor-widget-heading\" data-id=\"4f145a8\" data-element_type=\"widget\" data-widget_type=\"heading.default\">\n\t\t\t\t<div class=\"elementor-widget-container\">\n\t\t\t<style>\/*! elementor - v3.18.0 - 08-12-2023 *\/\n.elementor-heading-title{padding:0;margin:0;line-height:1}.elementor-widget-heading .elementor-heading-title[class*=elementor-size-]>a{color:inherit;font-size:inherit;line-height:inherit}.elementor-widget-heading .elementor-heading-title.elementor-size-small{font-size:15px}.elementor-widget-heading .elementor-heading-title.elementor-size-medium{font-size:19px}.elementor-widget-heading .elementor-heading-title.elementor-size-large{font-size:29px}.elementor-widget-heading .elementor-heading-title.elementor-size-xl{font-size:39px}.elementor-widget-heading .elementor-heading-title.elementor-size-xxl{font-size:59px}<\/style><h2 class=\"elementor-heading-title elementor-size-default\">HOKA - MAFATE X <\/h2>\t\t<\/div>\n\t\t\t\t<\/div>\n\t\t\t\t<div class=\"elementor-element elementor-element-19e46ba elementor-widget elementor-widget-heading\" data-id=\"19e46ba\" data-element_type=\"widget\" data-widget_type=\"heading.default\">\n\t\t\t\t<div class=\"elementor-widget-container\">\n\t\t\t<h2 class=\"elementor-heading-title elementor-size-default\"><b>PHOTOGRAPHER<\/b><\/h2>\t\t<\/div>\n\t\t\t\t<\/div>\n\t\t\t\t<div class=\"elementor-element elementor-element-107a3ae elementor-widget elementor-widget-text-editor\" data-id=\"107a3ae\" data-element_type=\"widget\" data-widget_type=\"text-editor.default\">\n\t\t\t\t<div class=\"elementor-widget-container\">\n\t\t\t<style>\/*! elementor - v3.18.0 - 08-12-2023 *\/\n.elementor-widget-text-editor.elementor-drop-cap-view-stacked .elementor-drop-cap{background-color:#69727d;color:#fff}.elementor-widget-text-editor.elementor-drop-cap-view-framed .elementor-drop-cap{color:#69727d;border:3px solid;background-color:transparent}.elementor-widget-text-editor:not(.elementor-drop-cap-view-default) .elementor-drop-cap{margin-top:8px}.elementor-widget-text-editor:not(.elementor-drop-cap-view-default) .elementor-drop-cap-letter{width:1em;height:1em}.elementor-widget-text-editor .elementor-drop-cap{float:left;text-align:center;line-height:1;font-size:50px}.elementor-widget-text-editor .elementor-drop-cap-letter{display:inline-block}<\/style>\t\t\t\t<p>Un libre cours \u00e0 la cr\u00e9ativit\u00e9. Rien de plus. L&#8217;id\u00e9e \u00e9tait de mettre en avant la tenue et la chaussure de mani\u00e8re originales et l\u00e9g\u00e8rement d\u00e9cal\u00e9es. Ax\u00e9 sur la couleur. Je suis partie sur un shooting os\u00e9, au flash, avec des \u00e9l\u00e9ments naturel rappelant le trail et la direction artistique de la chaussure.<\/p>\t\t\t\t\t\t<\/div>\n\t\t\t\t<\/div>\n\t\t\t\t\t<\/div>\n\t\t<\/div>\n\t\t\t\t\t\t\t<\/div>\n\t\t<\/section>\n\t\t\t\t<section class=\"elementor-section elementor-top-section elementor-element elementor-element-6da4515 elementor-section-boxed elementor-section-height-default elementor-section-height-default\" data-id=\"6da4515\" data-element_type=\"section\">\n\t\t\t\t\t\t<div class=\"elementor-container elementor-column-gap-default\">\n\t\t\t\t\t<div class=\"elementor-column elementor-col-25 elementor-top-column elementor-element elementor-element-f6f0b61\" data-id=\"f6f0b61\" data-element_type=\"column\">\n\t\t\t<div class=\"elementor-widget-wrap elementor-element-populated\">\n\t\t\t\t\t\t\t\t<div class=\"elementor-element elementor-element-c9dd752 elementor-widget elementor-widget-image\" data-id=\"c9dd752\" data-element_type=\"widget\" data-widget_type=\"image.default\">\n\t\t\t\t<div class=\"elementor-widget-container\">\n\t\t\t<style>\/*! elementor - v3.18.0 - 08-12-2023 *\/\n.elementor-widget-image{text-align:center}.elementor-widget-image a{display:inline-block}.elementor-widget-image a img[src$=\".svg\"]{width:48px}.elementor-widget-image img{vertical-align:middle;display:inline-block}<\/style>\t\t\t\t\t\t\t\t\t\t\t\t<img fetchpriority=\"high\" decoding=\"async\" width=\"683\" height=\"1024\" src=\"https:\/\/lilianmenetrier.com\/wp-content\/uploads\/2025\/06\/CHULLANKA_HOKA_2025_HD_LILIAN_MENETRIER-13-683x1024.jpg\" class=\"attachment-large size-large wp-image-873\" alt=\"\" srcset=\"https:\/\/lilianmenetrier.com\/wp-content\/uploads\/2025\/06\/CHULLANKA_HOKA_2025_HD_LILIAN_MENETRIER-13-683x1024.jpg 683w, https:\/\/lilianmenetrier.com\/wp-content\/uploads\/2025\/06\/CHULLANKA_HOKA_2025_HD_LILIAN_MENETRIER-13-200x300.jpg 200w, https:\/\/lilianmenetrier.com\/wp-content\/uploads\/2025\/06\/CHULLANKA_HOKA_2025_HD_LILIAN_MENETRIER-13-768x1152.jpg 768w, https:\/\/lilianmenetrier.com\/wp-content\/uploads\/2025\/06\/CHULLANKA_HOKA_2025_HD_LILIAN_MENETRIER-13-1024x1536.jpg 1024w, https:\/\/lilianmenetrier.com\/wp-content\/uploads\/2025\/06\/CHULLANKA_HOKA_2025_HD_LILIAN_MENETRIER-13-1365x2048.jpg 1365w, https:\/\/lilianmenetrier.com\/wp-content\/uploads\/2025\/06\/CHULLANKA_HOKA_2025_HD_LILIAN_MENETRIER-13-scaled.jpg 1707w\" sizes=\"(max-width: 683px) 100vw, 683px\" \/>\t\t\t\t\t\t\t\t\t\t\t\t\t\t\t<\/div>\n\t\t\t\t<\/div>\n\t\t\t\t\t<\/div>\n\t\t<\/div>\n\t\t\t\t<div class=\"elementor-column elementor-col-25 elementor-top-column elementor-element elementor-element-008c05b\" data-id=\"008c05b\" data-element_type=\"column\">\n\t\t\t<div class=\"elementor-widget-wrap elementor-element-populated\">\n\t\t\t\t\t\t\t\t<div class=\"elementor-element elementor-element-f6f97cf elementor-widget elementor-widget-image\" data-id=\"f6f97cf\" data-element_type=\"widget\" data-widget_type=\"image.default\">\n\t\t\t\t<div class=\"elementor-widget-container\">\n\t\t\t\t\t\t\t\t\t\t\t\t\t\t\t<img decoding=\"async\" width=\"683\" height=\"1024\" src=\"https:\/\/lilianmenetrier.com\/wp-content\/uploads\/2025\/06\/CHULLANKA_HOKA_2025_HD_LILIAN_MENETRIER-20-683x1024.jpg\" class=\"attachment-large size-large wp-image-887\" alt=\"\" srcset=\"https:\/\/lilianmenetrier.com\/wp-content\/uploads\/2025\/06\/CHULLANKA_HOKA_2025_HD_LILIAN_MENETRIER-20-683x1024.jpg 683w, https:\/\/lilianmenetrier.com\/wp-content\/uploads\/2025\/06\/CHULLANKA_HOKA_2025_HD_LILIAN_MENETRIER-20-200x300.jpg 200w, https:\/\/lilianmenetrier.com\/wp-content\/uploads\/2025\/06\/CHULLANKA_HOKA_2025_HD_LILIAN_MENETRIER-20-768x1152.jpg 768w, https:\/\/lilianmenetrier.com\/wp-content\/uploads\/2025\/06\/CHULLANKA_HOKA_2025_HD_LILIAN_MENETRIER-20-1024x1536.jpg 1024w, https:\/\/lilianmenetrier.com\/wp-content\/uploads\/2025\/06\/CHULLANKA_HOKA_2025_HD_LILIAN_MENETRIER-20-1365x2048.jpg 1365w, https:\/\/lilianmenetrier.com\/wp-content\/uploads\/2025\/06\/CHULLANKA_HOKA_2025_HD_LILIAN_MENETRIER-20-scaled.jpg 1707w\" sizes=\"(max-width: 683px) 100vw, 683px\" \/>\t\t\t\t\t\t\t\t\t\t\t\t\t\t\t<\/div>\n\t\t\t\t<\/div>\n\t\t\t\t\t<\/div>\n\t\t<\/div>\n\t\t\t\t<div class=\"elementor-column elementor-col-25 elementor-top-column elementor-element elementor-element-04ad0fb\" data-id=\"04ad0fb\" data-element_type=\"column\">\n\t\t\t<div class=\"elementor-widget-wrap elementor-element-populated\">\n\t\t\t\t\t\t\t\t<div class=\"elementor-element elementor-element-757b7cf elementor-widget elementor-widget-image\" data-id=\"757b7cf\" data-element_type=\"widget\" data-widget_type=\"image.default\">\n\t\t\t\t<div class=\"elementor-widget-container\">\n\t\t\t\t\t\t\t\t\t\t\t\t\t\t\t<img decoding=\"async\" width=\"683\" height=\"1024\" src=\"https:\/\/lilianmenetrier.com\/wp-content\/uploads\/2025\/06\/CHULLANKA_HOKA_2025_HD_LILIAN_MENETRIER-15-683x1024.jpg\" class=\"attachment-large size-large wp-image-879\" alt=\"\" srcset=\"https:\/\/lilianmenetrier.com\/wp-content\/uploads\/2025\/06\/CHULLANKA_HOKA_2025_HD_LILIAN_MENETRIER-15-683x1024.jpg 683w, https:\/\/lilianmenetrier.com\/wp-content\/uploads\/2025\/06\/CHULLANKA_HOKA_2025_HD_LILIAN_MENETRIER-15-200x300.jpg 200w, https:\/\/lilianmenetrier.com\/wp-content\/uploads\/2025\/06\/CHULLANKA_HOKA_2025_HD_LILIAN_MENETRIER-15-768x1152.jpg 768w, https:\/\/lilianmenetrier.com\/wp-content\/uploads\/2025\/06\/CHULLANKA_HOKA_2025_HD_LILIAN_MENETRIER-15-1024x1536.jpg 1024w, https:\/\/lilianmenetrier.com\/wp-content\/uploads\/2025\/06\/CHULLANKA_HOKA_2025_HD_LILIAN_MENETRIER-15-1365x2048.jpg 1365w, https:\/\/lilianmenetrier.com\/wp-content\/uploads\/2025\/06\/CHULLANKA_HOKA_2025_HD_LILIAN_MENETRIER-15-scaled.jpg 1707w\" sizes=\"(max-width: 683px) 100vw, 683px\" \/>\t\t\t\t\t\t\t\t\t\t\t\t\t\t\t<\/div>\n\t\t\t\t<\/div>\n\t\t\t\t\t<\/div>\n\t\t<\/div>\n\t\t\t\t<div class=\"elementor-column elementor-col-25 elementor-top-column elementor-element elementor-element-fbf2357\" data-id=\"fbf2357\" data-element_type=\"column\">\n\t\t\t<div class=\"elementor-widget-wrap elementor-element-populated\">\n\t\t\t\t\t\t\t\t<div class=\"elementor-element elementor-element-48e089e elementor-widget elementor-widget-image\" data-id=\"48e089e\" data-element_type=\"widget\" data-widget_type=\"image.default\">\n\t\t\t\t<div class=\"elementor-widget-container\">\n\t\t\t\t\t\t\t\t\t\t\t\t\t\t\t<img loading=\"lazy\" decoding=\"async\" width=\"683\" height=\"1024\" src=\"https:\/\/lilianmenetrier.com\/wp-content\/uploads\/2025\/06\/CHULLANKA_HOKA_2025_HD_LILIAN_MENETRIER-18-683x1024.jpg\" class=\"attachment-large size-large wp-image-885\" alt=\"\" srcset=\"https:\/\/lilianmenetrier.com\/wp-content\/uploads\/2025\/06\/CHULLANKA_HOKA_2025_HD_LILIAN_MENETRIER-18-683x1024.jpg 683w, https:\/\/lilianmenetrier.com\/wp-content\/uploads\/2025\/06\/CHULLANKA_HOKA_2025_HD_LILIAN_MENETRIER-18-200x300.jpg 200w, https:\/\/lilianmenetrier.com\/wp-content\/uploads\/2025\/06\/CHULLANKA_HOKA_2025_HD_LILIAN_MENETRIER-18-768x1152.jpg 768w, https:\/\/lilianmenetrier.com\/wp-content\/uploads\/2025\/06\/CHULLANKA_HOKA_2025_HD_LILIAN_MENETRIER-18-1024x1536.jpg 1024w, https:\/\/lilianmenetrier.com\/wp-content\/uploads\/2025\/06\/CHULLANKA_HOKA_2025_HD_LILIAN_MENETRIER-18-1365x2048.jpg 1365w, https:\/\/lilianmenetrier.com\/wp-content\/uploads\/2025\/06\/CHULLANKA_HOKA_2025_HD_LILIAN_MENETRIER-18-scaled.jpg 1707w\" sizes=\"(max-width: 683px) 100vw, 683px\" \/>\t\t\t\t\t\t\t\t\t\t\t\t\t\t\t<\/div>\n\t\t\t\t<\/div>\n\t\t\t\t\t<\/div>\n\t\t<\/div>\n\t\t\t\t\t\t\t<\/div>\n\t\t<\/section>\n\t\t\t\t<section class=\"elementor-section elementor-top-section elementor-element elementor-element-f10e6dc elementor-section-boxed elementor-section-height-default elementor-section-height-default\" data-id=\"f10e6dc\" data-element_type=\"section\">\n\t\t\t\t\t\t<div class=\"elementor-container elementor-column-gap-default\">\n\t\t\t\t\t<div class=\"elementor-column elementor-col-25 elementor-top-column elementor-element elementor-element-15d0d9d\" data-id=\"15d0d9d\" data-element_type=\"column\">\n\t\t\t<div class=\"elementor-widget-wrap elementor-element-populated\">\n\t\t\t\t\t\t\t\t<div class=\"elementor-element elementor-element-76440ad elementor-widget elementor-widget-image\" data-id=\"76440ad\" data-element_type=\"widget\" data-widget_type=\"image.default\">\n\t\t\t\t<div class=\"elementor-widget-container\">\n\t\t\t\t\t\t\t\t\t\t\t\t\t\t\t<img loading=\"lazy\" decoding=\"async\" width=\"683\" height=\"1024\" src=\"https:\/\/lilianmenetrier.com\/wp-content\/uploads\/2025\/06\/CHULLANKA_HOKA_2025_HD_LILIAN_MENETRIER-19-683x1024.jpg\" class=\"attachment-large size-large wp-image-886\" alt=\"\" srcset=\"https:\/\/lilianmenetrier.com\/wp-content\/uploads\/2025\/06\/CHULLANKA_HOKA_2025_HD_LILIAN_MENETRIER-19-683x1024.jpg 683w, https:\/\/lilianmenetrier.com\/wp-content\/uploads\/2025\/06\/CHULLANKA_HOKA_2025_HD_LILIAN_MENETRIER-19-200x300.jpg 200w, https:\/\/lilianmenetrier.com\/wp-content\/uploads\/2025\/06\/CHULLANKA_HOKA_2025_HD_LILIAN_MENETRIER-19-768x1152.jpg 768w, https:\/\/lilianmenetrier.com\/wp-content\/uploads\/2025\/06\/CHULLANKA_HOKA_2025_HD_LILIAN_MENETRIER-19-1024x1536.jpg 1024w, https:\/\/lilianmenetrier.com\/wp-content\/uploads\/2025\/06\/CHULLANKA_HOKA_2025_HD_LILIAN_MENETRIER-19-1365x2048.jpg 1365w, https:\/\/lilianmenetrier.com\/wp-content\/uploads\/2025\/06\/CHULLANKA_HOKA_2025_HD_LILIAN_MENETRIER-19-scaled.jpg 1707w\" sizes=\"(max-width: 683px) 100vw, 683px\" \/>\t\t\t\t\t\t\t\t\t\t\t\t\t\t\t<\/div>\n\t\t\t\t<\/div>\n\t\t\t\t\t<\/div>\n\t\t<\/div>\n\t\t\t\t<div class=\"elementor-column elementor-col-25 elementor-top-column elementor-element elementor-element-2aed14c\" data-id=\"2aed14c\" data-element_type=\"column\">\n\t\t\t<div class=\"elementor-widget-wrap elementor-element-populated\">\n\t\t\t\t\t\t\t\t<div class=\"elementor-element elementor-element-103a47f elementor-widget elementor-widget-image\" data-id=\"103a47f\" data-element_type=\"widget\" data-widget_type=\"image.default\">\n\t\t\t\t<div class=\"elementor-widget-container\">\n\t\t\t\t\t\t\t\t\t\t\t\t\t\t\t<img loading=\"lazy\" decoding=\"async\" width=\"683\" height=\"1024\" src=\"https:\/\/lilianmenetrier.com\/wp-content\/uploads\/2025\/06\/CHULLANKA_HOKA_2025_HD_LILIAN_MENETRIER-10-683x1024.jpg\" class=\"attachment-large size-large wp-image-862\" alt=\"\" srcset=\"https:\/\/lilianmenetrier.com\/wp-content\/uploads\/2025\/06\/CHULLANKA_HOKA_2025_HD_LILIAN_MENETRIER-10-683x1024.jpg 683w, https:\/\/lilianmenetrier.com\/wp-content\/uploads\/2025\/06\/CHULLANKA_HOKA_2025_HD_LILIAN_MENETRIER-10-200x300.jpg 200w, https:\/\/lilianmenetrier.com\/wp-content\/uploads\/2025\/06\/CHULLANKA_HOKA_2025_HD_LILIAN_MENETRIER-10-768x1152.jpg 768w, https:\/\/lilianmenetrier.com\/wp-content\/uploads\/2025\/06\/CHULLANKA_HOKA_2025_HD_LILIAN_MENETRIER-10-1024x1536.jpg 1024w, https:\/\/lilianmenetrier.com\/wp-content\/uploads\/2025\/06\/CHULLANKA_HOKA_2025_HD_LILIAN_MENETRIER-10-1365x2048.jpg 1365w, https:\/\/lilianmenetrier.com\/wp-content\/uploads\/2025\/06\/CHULLANKA_HOKA_2025_HD_LILIAN_MENETRIER-10-scaled.jpg 1707w\" sizes=\"(max-width: 683px) 100vw, 683px\" \/>\t\t\t\t\t\t\t\t\t\t\t\t\t\t\t<\/div>\n\t\t\t\t<\/div>\n\t\t\t\t\t<\/div>\n\t\t<\/div>\n\t\t\t\t<div class=\"elementor-column elementor-col-25 elementor-top-column elementor-element elementor-element-af5d3f9\" data-id=\"af5d3f9\" data-element_type=\"column\">\n\t\t\t<div class=\"elementor-widget-wrap elementor-element-populated\">\n\t\t\t\t\t\t\t\t<div class=\"elementor-element elementor-element-9db751c elementor-widget elementor-widget-image\" data-id=\"9db751c\" data-element_type=\"widget\" data-widget_type=\"image.default\">\n\t\t\t\t<div class=\"elementor-widget-container\">\n\t\t\t\t\t\t\t\t\t\t\t\t\t\t\t<img loading=\"lazy\" decoding=\"async\" width=\"683\" height=\"1024\" src=\"https:\/\/lilianmenetrier.com\/wp-content\/uploads\/2025\/06\/CHULLANKA_HOKA_2025_HD_LILIAN_MENETRIER-683x1024.jpg\" class=\"attachment-large size-large wp-image-888\" alt=\"\" srcset=\"https:\/\/lilianmenetrier.com\/wp-content\/uploads\/2025\/06\/CHULLANKA_HOKA_2025_HD_LILIAN_MENETRIER-683x1024.jpg 683w, https:\/\/lilianmenetrier.com\/wp-content\/uploads\/2025\/06\/CHULLANKA_HOKA_2025_HD_LILIAN_MENETRIER-200x300.jpg 200w, https:\/\/lilianmenetrier.com\/wp-content\/uploads\/2025\/06\/CHULLANKA_HOKA_2025_HD_LILIAN_MENETRIER-768x1152.jpg 768w, https:\/\/lilianmenetrier.com\/wp-content\/uploads\/2025\/06\/CHULLANKA_HOKA_2025_HD_LILIAN_MENETRIER-1024x1536.jpg 1024w, https:\/\/lilianmenetrier.com\/wp-content\/uploads\/2025\/06\/CHULLANKA_HOKA_2025_HD_LILIAN_MENETRIER-1365x2048.jpg 1365w, https:\/\/lilianmenetrier.com\/wp-content\/uploads\/2025\/06\/CHULLANKA_HOKA_2025_HD_LILIAN_MENETRIER-scaled.jpg 1707w\" sizes=\"(max-width: 683px) 100vw, 683px\" \/>\t\t\t\t\t\t\t\t\t\t\t\t\t\t\t<\/div>\n\t\t\t\t<\/div>\n\t\t\t\t\t<\/div>\n\t\t<\/div>\n\t\t\t\t<div class=\"elementor-column elementor-col-25 elementor-top-column elementor-element elementor-element-3feaacd\" data-id=\"3feaacd\" data-element_type=\"column\">\n\t\t\t<div class=\"elementor-widget-wrap elementor-element-populated\">\n\t\t\t\t\t\t\t\t<div class=\"elementor-element elementor-element-8678b46 elementor-widget elementor-widget-image\" data-id=\"8678b46\" data-element_type=\"widget\" data-widget_type=\"image.default\">\n\t\t\t\t<div class=\"elementor-widget-container\">\n\t\t\t\t\t\t\t\t\t\t\t\t\t\t\t<img loading=\"lazy\" decoding=\"async\" width=\"683\" height=\"1024\" src=\"https:\/\/lilianmenetrier.com\/wp-content\/uploads\/2025\/06\/CHULLANKA_HOKA_2025_HD_LILIAN_MENETRIER-3-683x1024.jpg\" class=\"attachment-large size-large wp-image-854\" alt=\"\" srcset=\"https:\/\/lilianmenetrier.com\/wp-content\/uploads\/2025\/06\/CHULLANKA_HOKA_2025_HD_LILIAN_MENETRIER-3-683x1024.jpg 683w, https:\/\/lilianmenetrier.com\/wp-content\/uploads\/2025\/06\/CHULLANKA_HOKA_2025_HD_LILIAN_MENETRIER-3-200x300.jpg 200w, https:\/\/lilianmenetrier.com\/wp-content\/uploads\/2025\/06\/CHULLANKA_HOKA_2025_HD_LILIAN_MENETRIER-3-768x1152.jpg 768w, https:\/\/lilianmenetrier.com\/wp-content\/uploads\/2025\/06\/CHULLANKA_HOKA_2025_HD_LILIAN_MENETRIER-3-1024x1536.jpg 1024w, https:\/\/lilianmenetrier.com\/wp-content\/uploads\/2025\/06\/CHULLANKA_HOKA_2025_HD_LILIAN_MENETRIER-3-1365x2048.jpg 1365w, https:\/\/lilianmenetrier.com\/wp-content\/uploads\/2025\/06\/CHULLANKA_HOKA_2025_HD_LILIAN_MENETRIER-3-scaled.jpg 1707w\" sizes=\"(max-width: 683px) 100vw, 683px\" \/>\t\t\t\t\t\t\t\t\t\t\t\t\t\t\t<\/div>\n\t\t\t\t<\/div>\n\t\t\t\t\t<\/div>\n\t\t<\/div>\n\t\t\t\t\t\t\t<\/div>\n\t\t<\/section>\n\t\t\t\t\t\t\t<\/div>\n\t\t","protected":false},"excerpt":{"rendered":"<p>HOKA &#8211; MAFATE X PHOTOGRAPHER Un libre cours \u00e0 la cr\u00e9ativit\u00e9. Rien de plus. L&#8217;id\u00e9e \u00e9tait de mettre en avant la tenue et la chaussure de mani\u00e8re originales et l\u00e9g\u00e8rement d\u00e9cal\u00e9es. Ax\u00e9 sur la couleur. Je suis partie sur un shooting os\u00e9, au flash, avec des \u00e9l\u00e9ments naturel rappelant le trail et la direction artistique [&hellip;]<\/p>\n","protected":false},"author":1,"featured_media":0,"parent":0,"menu_order":0,"comment_status":"closed","ping_status":"closed","template":"","meta":{"footnotes":""},"yoast_head":"<!-- This site is optimized with the Yoast SEO plugin v21.6 - https:\/\/yoast.com\/wordpress\/plugins\/seo\/ -->\n<title>HOKA MAFATE X - lilian M\u00e9n\u00e9trier<\/title>\n<meta name=\"robots\" content=\"index, follow, max-snippet:-1, max-image-preview:large, max-video-preview:-1\" \/>\n<link rel=\"canonical\" href=\"https:\/\/lilianmenetrier.com\/?page_id=845\" \/>\n<meta property=\"og:locale\" content=\"en_US\" \/>\n<meta property=\"og:type\" content=\"article\" \/>\n<meta property=\"og:title\" content=\"HOKA MAFATE X - lilian M\u00e9n\u00e9trier\" \/>\n<meta property=\"og:description\" content=\"HOKA &#8211; MAFATE X PHOTOGRAPHER Un libre cours \u00e0 la cr\u00e9ativit\u00e9. Rien de plus. L&#8217;id\u00e9e \u00e9tait de mettre en avant la tenue et la chaussure de mani\u00e8re originales et l\u00e9g\u00e8rement d\u00e9cal\u00e9es. Ax\u00e9 sur la couleur. Je suis partie sur un shooting os\u00e9, au flash, avec des \u00e9l\u00e9ments naturel rappelant le trail et la direction artistique [&hellip;]\" \/>\n<meta property=\"og:url\" content=\"https:\/\/lilianmenetrier.com\/?page_id=845\" \/>\n<meta property=\"og:site_name\" content=\"lilian M\u00e9n\u00e9trier\" \/>\n<meta property=\"article:modified_time\" content=\"2025-06-25T15:18:39+00:00\" \/>\n<meta property=\"og:image\" content=\"http:\/\/lilianmenetrier.com\/wp-content\/uploads\/2025\/06\/CHULLANKA_HOKA_2025_HD_LILIAN_MENETRIER-13-683x1024.jpg\" \/>\n<meta name=\"twitter:card\" content=\"summary_large_image\" \/>\n<meta name=\"twitter:label1\" content=\"Est. reading time\" \/>\n\t<meta name=\"twitter:data1\" content=\"2 minutes\" \/>\n<script type=\"application\/ld+json\" class=\"yoast-schema-graph\">{\"@context\":\"https:\/\/schema.org\",\"@graph\":[{\"@type\":\"WebPage\",\"@id\":\"https:\/\/lilianmenetrier.com\/?page_id=845\",\"url\":\"https:\/\/lilianmenetrier.com\/?page_id=845\",\"name\":\"HOKA MAFATE X - lilian M\u00e9n\u00e9trier\",\"isPartOf\":{\"@id\":\"https:\/\/lilianmenetrier.com\/#website\"},\"datePublished\":\"2025-06-25T14:57:47+00:00\",\"dateModified\":\"2025-06-25T15:18:39+00:00\",\"breadcrumb\":{\"@id\":\"https:\/\/lilianmenetrier.com\/?page_id=845#breadcrumb\"},\"inLanguage\":\"en-US\",\"potentialAction\":[{\"@type\":\"ReadAction\",\"target\":[\"https:\/\/lilianmenetrier.com\/?page_id=845\"]}]},{\"@type\":\"BreadcrumbList\",\"@id\":\"https:\/\/lilianmenetrier.com\/?page_id=845#breadcrumb\",\"itemListElement\":[{\"@type\":\"ListItem\",\"position\":1,\"name\":\"Accueil\",\"item\":\"https:\/\/lilianmenetrier.com\/\"},{\"@type\":\"ListItem\",\"position\":2,\"name\":\"HOKA MAFATE X\"}]},{\"@type\":\"WebSite\",\"@id\":\"https:\/\/lilianmenetrier.com\/#website\",\"url\":\"https:\/\/lilianmenetrier.com\/\",\"name\":\"lilian M\u00e9n\u00e9trier\",\"description\":\"\",\"publisher\":{\"@id\":\"https:\/\/lilianmenetrier.com\/#organization\"},\"potentialAction\":[{\"@type\":\"SearchAction\",\"target\":{\"@type\":\"EntryPoint\",\"urlTemplate\":\"https:\/\/lilianmenetrier.com\/?s={search_term_string}\"},\"query-input\":\"required name=search_term_string\"}],\"inLanguage\":\"en-US\"},{\"@type\":\"Organization\",\"@id\":\"https:\/\/lilianmenetrier.com\/#organization\",\"name\":\"lilian M\u00e9n\u00e9trier\",\"url\":\"https:\/\/lilianmenetrier.com\/\",\"logo\":{\"@type\":\"ImageObject\",\"inLanguage\":\"en-US\",\"@id\":\"https:\/\/lilianmenetrier.com\/#\/schema\/logo\/image\/\",\"url\":\"https:\/\/lilianmenetrier.com\/wp-content\/uploads\/2024\/01\/cropped-LOGO-1-2.png\",\"contentUrl\":\"https:\/\/lilianmenetrier.com\/wp-content\/uploads\/2024\/01\/cropped-LOGO-1-2.png\",\"width\":2224,\"height\":526,\"caption\":\"lilian M\u00e9n\u00e9trier\"},\"image\":{\"@id\":\"https:\/\/lilianmenetrier.com\/#\/schema\/logo\/image\/\"}}]}<\/script>\n<!-- \/ Yoast SEO plugin. -->","yoast_head_json":{"title":"HOKA MAFATE X - lilian M\u00e9n\u00e9trier","robots":{"index":"index","follow":"follow","max-snippet":"max-snippet:-1","max-image-preview":"max-image-preview:large","max-video-preview":"max-video-preview:-1"},"canonical":"https:\/\/lilianmenetrier.com\/?page_id=845","og_locale":"en_US","og_type":"article","og_title":"HOKA MAFATE X - lilian M\u00e9n\u00e9trier","og_description":"HOKA &#8211; MAFATE X PHOTOGRAPHER Un libre cours \u00e0 la cr\u00e9ativit\u00e9. Rien de plus. L&#8217;id\u00e9e \u00e9tait de mettre en avant la tenue et la chaussure de mani\u00e8re originales et l\u00e9g\u00e8rement d\u00e9cal\u00e9es. Ax\u00e9 sur la couleur. Je suis partie sur un shooting os\u00e9, au flash, avec des \u00e9l\u00e9ments naturel rappelant le trail et la direction artistique [&hellip;]","og_url":"https:\/\/lilianmenetrier.com\/?page_id=845","og_site_name":"lilian M\u00e9n\u00e9trier","article_modified_time":"2025-06-25T15:18:39+00:00","og_image":[{"url":"http:\/\/lilianmenetrier.com\/wp-content\/uploads\/2025\/06\/CHULLANKA_HOKA_2025_HD_LILIAN_MENETRIER-13-683x1024.jpg"}],"twitter_card":"summary_large_image","twitter_misc":{"Est. reading time":"2 minutes"},"schema":{"@context":"https:\/\/schema.org","@graph":[{"@type":"WebPage","@id":"https:\/\/lilianmenetrier.com\/?page_id=845","url":"https:\/\/lilianmenetrier.com\/?page_id=845","name":"HOKA MAFATE X - lilian M\u00e9n\u00e9trier","isPartOf":{"@id":"https:\/\/lilianmenetrier.com\/#website"},"datePublished":"2025-06-25T14:57:47+00:00","dateModified":"2025-06-25T15:18:39+00:00","breadcrumb":{"@id":"https:\/\/lilianmenetrier.com\/?page_id=845#breadcrumb"},"inLanguage":"en-US","potentialAction":[{"@type":"ReadAction","target":["https:\/\/lilianmenetrier.com\/?page_id=845"]}]},{"@type":"BreadcrumbList","@id":"https:\/\/lilianmenetrier.com\/?page_id=845#breadcrumb","itemListElement":[{"@type":"ListItem","position":1,"name":"Accueil","item":"https:\/\/lilianmenetrier.com\/"},{"@type":"ListItem","position":2,"name":"HOKA MAFATE X"}]},{"@type":"WebSite","@id":"https:\/\/lilianmenetrier.com\/#website","url":"https:\/\/lilianmenetrier.com\/","name":"lilian M\u00e9n\u00e9trier","description":"","publisher":{"@id":"https:\/\/lilianmenetrier.com\/#organization"},"potentialAction":[{"@type":"SearchAction","target":{"@type":"EntryPoint","urlTemplate":"https:\/\/lilianmenetrier.com\/?s={search_term_string}"},"query-input":"required name=search_term_string"}],"inLanguage":"en-US"},{"@type":"Organization","@id":"https:\/\/lilianmenetrier.com\/#organization","name":"lilian M\u00e9n\u00e9trier","url":"https:\/\/lilianmenetrier.com\/","logo":{"@type":"ImageObject","inLanguage":"en-US","@id":"https:\/\/lilianmenetrier.com\/#\/schema\/logo\/image\/","url":"https:\/\/lilianmenetrier.com\/wp-content\/uploads\/2024\/01\/cropped-LOGO-1-2.png","contentUrl":"https:\/\/lilianmenetrier.com\/wp-content\/uploads\/2024\/01\/cropped-LOGO-1-2.png","width":2224,"height":526,"caption":"lilian M\u00e9n\u00e9trier"},"image":{"@id":"https:\/\/lilianmenetrier.com\/#\/schema\/logo\/image\/"}}]}},"_links":{"self":[{"href":"https:\/\/lilianmenetrier.com\/index.php?rest_route=\/wp\/v2\/pages\/845"}],"collection":[{"href":"https:\/\/lilianmenetrier.com\/index.php?rest_route=\/wp\/v2\/pages"}],"about":[{"href":"https:\/\/lilianmenetrier.com\/index.php?rest_route=\/wp\/v2\/types\/page"}],"author":[{"embeddable":true,"href":"https:\/\/lilianmenetrier.com\/index.php?rest_route=\/wp\/v2\/users\/1"}],"replies":[{"embeddable":true,"href":"https:\/\/lilianmenetrier.com\/index.php?rest_route=%2Fwp%2Fv2%2Fcomments&post=845"}],"version-history":[{"count":12,"href":"https:\/\/lilianmenetrier.com\/index.php?rest_route=\/wp\/v2\/pages\/845\/revisions"}],"predecessor-version":[{"id":892,"href":"https:\/\/lilianmenetrier.com\/index.php?rest_route=\/wp\/v2\/pages\/845\/revisions\/892"}],"wp:attachment":[{"href":"https:\/\/lilianmenetrier.com\/index.php?rest_route=%2Fwp%2Fv2%2Fmedia&parent=845"}],"curies":[{"name":"wp","href":"https:\/\/api.w.org\/{rel}","templated":true}]}}