{"id":867,"date":"2025-06-25T17:29:06","date_gmt":"2025-06-25T15:29:06","guid":{"rendered":"https:\/\/lilianmenetrier.com\/?page_id=867"},"modified":"2026-03-12T09:49:18","modified_gmt":"2026-03-12T08:49:18","slug":"kiprun-zegama-thomas-cardin","status":"publish","type":"page","link":"https:\/\/lilianmenetrier.com\/?page_id=867","title":{"rendered":"KIPRUN &#8211; ZEGAMA &#8211; THOMAS CARDIN"},"content":{"rendered":"\t\t<div data-elementor-type=\"wp-page\" data-elementor-id=\"867\" class=\"elementor elementor-867\">\n\t\t\t\t\t\t\t\t\t<section class=\"elementor-section elementor-top-section elementor-element elementor-element-d885d5d elementor-section-boxed elementor-section-height-default elementor-section-height-default\" data-id=\"d885d5d\" data-element_type=\"section\">\n\t\t\t\t\t\t<div class=\"elementor-container elementor-column-gap-default\">\n\t\t\t\t\t<div class=\"elementor-column elementor-col-100 elementor-top-column elementor-element elementor-element-a289ee5\" data-id=\"a289ee5\" data-element_type=\"column\">\n\t\t\t<div class=\"elementor-widget-wrap elementor-element-populated\">\n\t\t\t\t\t\t\t\t<div class=\"elementor-element elementor-element-17d0e30 elementor-widget elementor-widget-heading\" data-id=\"17d0e30\" data-element_type=\"widget\" data-widget_type=\"heading.default\">\n\t\t\t\t<div class=\"elementor-widget-container\">\n\t\t\t<style>\/*! elementor - v3.18.0 - 08-12-2023 *\/\n.elementor-heading-title{padding:0;margin:0;line-height:1}.elementor-widget-heading .elementor-heading-title[class*=elementor-size-]>a{color:inherit;font-size:inherit;line-height:inherit}.elementor-widget-heading .elementor-heading-title.elementor-size-small{font-size:15px}.elementor-widget-heading .elementor-heading-title.elementor-size-medium{font-size:19px}.elementor-widget-heading .elementor-heading-title.elementor-size-large{font-size:29px}.elementor-widget-heading .elementor-heading-title.elementor-size-xl{font-size:39px}.elementor-widget-heading .elementor-heading-title.elementor-size-xxl{font-size:59px}<\/style><h2 class=\"elementor-heading-title elementor-size-default\">KIPRUN - ZEGAMA - THOMAS CARDIN<\/h2>\t\t<\/div>\n\t\t\t\t<\/div>\n\t\t\t\t<div class=\"elementor-element elementor-element-a4e0545 elementor-widget elementor-widget-heading\" data-id=\"a4e0545\" data-element_type=\"widget\" data-widget_type=\"heading.default\">\n\t\t\t\t<div class=\"elementor-widget-container\">\n\t\t\t<h2 class=\"elementor-heading-title elementor-size-default\"><span data-elementor-setting-key=\"title\" data-lt-tmp-id=\"lt-230089\" spellcheck=\"false\" data-gramm=\"false\" data-pen-placeholder=\"\u00c9crivez ici...\" style=\"outline-color: currentcolor; outline-style: none; font-variant-caps: normal; font-style: normal; letter-spacing: 0.3px;\">ARTISTIC DIRECTOR - <\/span>FILMMAKER - VIDEO EDITOR <\/h2>\t\t<\/div>\n\t\t\t\t<\/div>\n\t\t\t\t<div class=\"elementor-element elementor-element-fbd37f1 elementor-widget elementor-widget-text-editor\" data-id=\"fbd37f1\" data-element_type=\"widget\" data-widget_type=\"text-editor.default\">\n\t\t\t\t<div class=\"elementor-widget-container\">\n\t\t\t<style>\/*! elementor - v3.18.0 - 08-12-2023 *\/\n.elementor-widget-text-editor.elementor-drop-cap-view-stacked .elementor-drop-cap{background-color:#69727d;color:#fff}.elementor-widget-text-editor.elementor-drop-cap-view-framed .elementor-drop-cap{color:#69727d;border:3px solid;background-color:transparent}.elementor-widget-text-editor:not(.elementor-drop-cap-view-default) .elementor-drop-cap{margin-top:8px}.elementor-widget-text-editor:not(.elementor-drop-cap-view-default) .elementor-drop-cap-letter{width:1em;height:1em}.elementor-widget-text-editor .elementor-drop-cap{float:left;text-align:center;line-height:1;font-size:50px}.elementor-widget-text-editor .elementor-drop-cap-letter{display:inline-block}<\/style>\t\t\t\t<p>Actuellement un de mes plus beaux projets de 2025. J&#8217;ai accompagn\u00e9 Thomas CARDIN lors de sa premi\u00e8re fois \u00e0 Zegama. Un petit village basque du m\u00eame nom, qui accueille l&#8217;une des courses des plus populaires dans l&#8217;univers du trail running.\u00a0<\/p><p>Gestion logistique, l&#8217;\u00e9criture, pr\u00e9-production, editing en amont de l&#8217;\u00e9v\u00e9nement, shooting puis editing.. Un projet extr\u00eamement complet laissant libre cours \u00e0 ma cr\u00e9ativit\u00e9 avec pour seule contrainte, un rendu finale 4 heures apr\u00e8s la course.\u00a0<\/p>\t\t\t\t\t\t<\/div>\n\t\t\t\t<\/div>\n\t\t\t\t\t<\/div>\n\t\t<\/div>\n\t\t\t\t\t\t\t<\/div>\n\t\t<\/section>\n\t\t\t\t<section class=\"elementor-section elementor-top-section elementor-element elementor-element-9ce8e7b elementor-section-boxed elementor-section-height-default elementor-section-height-default\" data-id=\"9ce8e7b\" data-element_type=\"section\">\n\t\t\t\t\t\t<div class=\"elementor-container elementor-column-gap-default\">\n\t\t\t\t\t<div class=\"elementor-column elementor-col-100 elementor-top-column elementor-element elementor-element-1101335\" data-id=\"1101335\" data-element_type=\"column\">\n\t\t\t<div class=\"elementor-widget-wrap elementor-element-populated\">\n\t\t\t\t\t\t\t\t<div class=\"elementor-element elementor-element-394028e elementor-widget elementor-widget-video\" data-id=\"394028e\" data-element_type=\"widget\" data-settings=\"{&quot;youtube_url&quot;:&quot;https:\\\/\\\/youtu.be\\\/yFCWBndHx_4&quot;,&quot;video_type&quot;:&quot;youtube&quot;,&quot;controls&quot;:&quot;yes&quot;}\" data-widget_type=\"video.default\">\n\t\t\t\t<div class=\"elementor-widget-container\">\n\t\t\t<style>\/*! elementor - v3.18.0 - 08-12-2023 *\/\n.elementor-widget-video .elementor-widget-container{overflow:hidden;transform:translateZ(0)}.elementor-widget-video .elementor-wrapper{aspect-ratio:var(--video-aspect-ratio)}.elementor-widget-video .elementor-wrapper iframe,.elementor-widget-video .elementor-wrapper video{height:100%;width:100%;display:flex;border:none;background-color:#000}@supports not (aspect-ratio:1\/1){.elementor-widget-video .elementor-wrapper{position:relative;overflow:hidden;height:0;padding-bottom:calc(100% \/ var(--video-aspect-ratio))}.elementor-widget-video .elementor-wrapper iframe,.elementor-widget-video .elementor-wrapper video{position:absolute;top:0;right:0;bottom:0;left:0}}.elementor-widget-video .elementor-open-inline .elementor-custom-embed-image-overlay{position:absolute;top:0;right:0;bottom:0;left:0;background-size:cover;background-position:50%}.elementor-widget-video .elementor-custom-embed-image-overlay{cursor:pointer;text-align:center}.elementor-widget-video .elementor-custom-embed-image-overlay:hover .elementor-custom-embed-play i{opacity:1}.elementor-widget-video .elementor-custom-embed-image-overlay img{display:block;width:100%;aspect-ratio:var(--video-aspect-ratio);-o-object-fit:cover;object-fit:cover;-o-object-position:center center;object-position:center center}@supports not (aspect-ratio:1\/1){.elementor-widget-video .elementor-custom-embed-image-overlay{position:relative;overflow:hidden;height:0;padding-bottom:calc(100% \/ var(--video-aspect-ratio))}.elementor-widget-video .elementor-custom-embed-image-overlay img{position:absolute;top:0;right:0;bottom:0;left:0}}.elementor-widget-video .e-hosted-video .elementor-video{-o-object-fit:cover;object-fit:cover}.e-con-inner>.elementor-widget-video,.e-con>.elementor-widget-video{width:var(--container-widget-width);--flex-grow:var(--container-widget-flex-grow)}<\/style>\t\t<div class=\"elementor-wrapper elementor-open-inline\">\n\t\t\t<div class=\"elementor-video\"><\/div>\t\t<\/div>\n\t\t\t\t<\/div>\n\t\t\t\t<\/div>\n\t\t\t\t\t<\/div>\n\t\t<\/div>\n\t\t\t\t\t\t\t<\/div>\n\t\t<\/section>\n\t\t\t\t\t\t\t<\/div>\n\t\t","protected":false},"excerpt":{"rendered":"<p>KIPRUN &#8211; ZEGAMA &#8211; THOMAS CARDIN ARTISTIC DIRECTOR &#8211; FILMMAKER &#8211; VIDEO EDITOR Actuellement un de mes plus beaux projets de 2025. J&#8217;ai accompagn\u00e9 Thomas CARDIN lors de sa premi\u00e8re fois \u00e0 Zegama. Un petit village basque du m\u00eame nom, qui accueille l&#8217;une des courses des plus populaires dans l&#8217;univers du trail running.\u00a0 Gestion logistique, [&hellip;]<\/p>\n","protected":false},"author":1,"featured_media":0,"parent":0,"menu_order":0,"comment_status":"closed","ping_status":"closed","template":"","meta":{"footnotes":""},"yoast_head":"<!-- This site is optimized with the Yoast SEO plugin v21.6 - https:\/\/yoast.com\/wordpress\/plugins\/seo\/ -->\n<title>KIPRUN - ZEGAMA - THOMAS CARDIN - lilian M\u00e9n\u00e9trier<\/title>\n<meta name=\"robots\" content=\"index, follow, max-snippet:-1, max-image-preview:large, max-video-preview:-1\" \/>\n<link rel=\"canonical\" href=\"https:\/\/lilianmenetrier.com\/?page_id=867\" \/>\n<meta property=\"og:locale\" content=\"en_US\" \/>\n<meta property=\"og:type\" content=\"article\" \/>\n<meta property=\"og:title\" content=\"KIPRUN - ZEGAMA - THOMAS CARDIN - lilian M\u00e9n\u00e9trier\" \/>\n<meta property=\"og:description\" content=\"KIPRUN &#8211; ZEGAMA &#8211; THOMAS CARDIN ARTISTIC DIRECTOR &#8211; FILMMAKER &#8211; VIDEO EDITOR Actuellement un de mes plus beaux projets de 2025. J&#8217;ai accompagn\u00e9 Thomas CARDIN lors de sa premi\u00e8re fois \u00e0 Zegama. Un petit village basque du m\u00eame nom, qui accueille l&#8217;une des courses des plus populaires dans l&#8217;univers du trail running.\u00a0 Gestion logistique, [&hellip;]\" \/>\n<meta property=\"og:url\" content=\"https:\/\/lilianmenetrier.com\/?page_id=867\" \/>\n<meta property=\"og:site_name\" content=\"lilian M\u00e9n\u00e9trier\" \/>\n<meta property=\"article:modified_time\" content=\"2026-03-12T08:49:18+00:00\" \/>\n<meta name=\"twitter:card\" content=\"summary_large_image\" \/>\n<meta name=\"twitter:label1\" content=\"Est. reading time\" \/>\n\t<meta name=\"twitter:data1\" content=\"1 minute\" \/>\n<script type=\"application\/ld+json\" class=\"yoast-schema-graph\">{\"@context\":\"https:\/\/schema.org\",\"@graph\":[{\"@type\":\"WebPage\",\"@id\":\"https:\/\/lilianmenetrier.com\/?page_id=867\",\"url\":\"https:\/\/lilianmenetrier.com\/?page_id=867\",\"name\":\"KIPRUN - ZEGAMA - THOMAS CARDIN - lilian M\u00e9n\u00e9trier\",\"isPartOf\":{\"@id\":\"https:\/\/lilianmenetrier.com\/#website\"},\"datePublished\":\"2025-06-25T15:29:06+00:00\",\"dateModified\":\"2026-03-12T08:49:18+00:00\",\"breadcrumb\":{\"@id\":\"https:\/\/lilianmenetrier.com\/?page_id=867#breadcrumb\"},\"inLanguage\":\"en-US\",\"potentialAction\":[{\"@type\":\"ReadAction\",\"target\":[\"https:\/\/lilianmenetrier.com\/?page_id=867\"]}]},{\"@type\":\"BreadcrumbList\",\"@id\":\"https:\/\/lilianmenetrier.com\/?page_id=867#breadcrumb\",\"itemListElement\":[{\"@type\":\"ListItem\",\"position\":1,\"name\":\"Accueil\",\"item\":\"https:\/\/lilianmenetrier.com\/\"},{\"@type\":\"ListItem\",\"position\":2,\"name\":\"KIPRUN &#8211; ZEGAMA &#8211; THOMAS CARDIN\"}]},{\"@type\":\"WebSite\",\"@id\":\"https:\/\/lilianmenetrier.com\/#website\",\"url\":\"https:\/\/lilianmenetrier.com\/\",\"name\":\"lilian M\u00e9n\u00e9trier\",\"description\":\"\",\"publisher\":{\"@id\":\"https:\/\/lilianmenetrier.com\/#organization\"},\"potentialAction\":[{\"@type\":\"SearchAction\",\"target\":{\"@type\":\"EntryPoint\",\"urlTemplate\":\"https:\/\/lilianmenetrier.com\/?s={search_term_string}\"},\"query-input\":\"required name=search_term_string\"}],\"inLanguage\":\"en-US\"},{\"@type\":\"Organization\",\"@id\":\"https:\/\/lilianmenetrier.com\/#organization\",\"name\":\"lilian M\u00e9n\u00e9trier\",\"url\":\"https:\/\/lilianmenetrier.com\/\",\"logo\":{\"@type\":\"ImageObject\",\"inLanguage\":\"en-US\",\"@id\":\"https:\/\/lilianmenetrier.com\/#\/schema\/logo\/image\/\",\"url\":\"https:\/\/lilianmenetrier.com\/wp-content\/uploads\/2024\/01\/cropped-LOGO-1-2.png\",\"contentUrl\":\"https:\/\/lilianmenetrier.com\/wp-content\/uploads\/2024\/01\/cropped-LOGO-1-2.png\",\"width\":2224,\"height\":526,\"caption\":\"lilian M\u00e9n\u00e9trier\"},\"image\":{\"@id\":\"https:\/\/lilianmenetrier.com\/#\/schema\/logo\/image\/\"}}]}<\/script>\n<!-- \/ Yoast SEO plugin. -->","yoast_head_json":{"title":"KIPRUN - ZEGAMA - THOMAS CARDIN - lilian M\u00e9n\u00e9trier","robots":{"index":"index","follow":"follow","max-snippet":"max-snippet:-1","max-image-preview":"max-image-preview:large","max-video-preview":"max-video-preview:-1"},"canonical":"https:\/\/lilianmenetrier.com\/?page_id=867","og_locale":"en_US","og_type":"article","og_title":"KIPRUN - ZEGAMA - THOMAS CARDIN - lilian M\u00e9n\u00e9trier","og_description":"KIPRUN &#8211; ZEGAMA &#8211; THOMAS CARDIN ARTISTIC DIRECTOR &#8211; FILMMAKER &#8211; VIDEO EDITOR Actuellement un de mes plus beaux projets de 2025. J&#8217;ai accompagn\u00e9 Thomas CARDIN lors de sa premi\u00e8re fois \u00e0 Zegama. Un petit village basque du m\u00eame nom, qui accueille l&#8217;une des courses des plus populaires dans l&#8217;univers du trail running.\u00a0 Gestion logistique, [&hellip;]","og_url":"https:\/\/lilianmenetrier.com\/?page_id=867","og_site_name":"lilian M\u00e9n\u00e9trier","article_modified_time":"2026-03-12T08:49:18+00:00","twitter_card":"summary_large_image","twitter_misc":{"Est. reading time":"1 minute"},"schema":{"@context":"https:\/\/schema.org","@graph":[{"@type":"WebPage","@id":"https:\/\/lilianmenetrier.com\/?page_id=867","url":"https:\/\/lilianmenetrier.com\/?page_id=867","name":"KIPRUN - ZEGAMA - THOMAS CARDIN - lilian M\u00e9n\u00e9trier","isPartOf":{"@id":"https:\/\/lilianmenetrier.com\/#website"},"datePublished":"2025-06-25T15:29:06+00:00","dateModified":"2026-03-12T08:49:18+00:00","breadcrumb":{"@id":"https:\/\/lilianmenetrier.com\/?page_id=867#breadcrumb"},"inLanguage":"en-US","potentialAction":[{"@type":"ReadAction","target":["https:\/\/lilianmenetrier.com\/?page_id=867"]}]},{"@type":"BreadcrumbList","@id":"https:\/\/lilianmenetrier.com\/?page_id=867#breadcrumb","itemListElement":[{"@type":"ListItem","position":1,"name":"Accueil","item":"https:\/\/lilianmenetrier.com\/"},{"@type":"ListItem","position":2,"name":"KIPRUN &#8211; ZEGAMA &#8211; THOMAS CARDIN"}]},{"@type":"WebSite","@id":"https:\/\/lilianmenetrier.com\/#website","url":"https:\/\/lilianmenetrier.com\/","name":"lilian M\u00e9n\u00e9trier","description":"","publisher":{"@id":"https:\/\/lilianmenetrier.com\/#organization"},"potentialAction":[{"@type":"SearchAction","target":{"@type":"EntryPoint","urlTemplate":"https:\/\/lilianmenetrier.com\/?s={search_term_string}"},"query-input":"required name=search_term_string"}],"inLanguage":"en-US"},{"@type":"Organization","@id":"https:\/\/lilianmenetrier.com\/#organization","name":"lilian M\u00e9n\u00e9trier","url":"https:\/\/lilianmenetrier.com\/","logo":{"@type":"ImageObject","inLanguage":"en-US","@id":"https:\/\/lilianmenetrier.com\/#\/schema\/logo\/image\/","url":"https:\/\/lilianmenetrier.com\/wp-content\/uploads\/2024\/01\/cropped-LOGO-1-2.png","contentUrl":"https:\/\/lilianmenetrier.com\/wp-content\/uploads\/2024\/01\/cropped-LOGO-1-2.png","width":2224,"height":526,"caption":"lilian M\u00e9n\u00e9trier"},"image":{"@id":"https:\/\/lilianmenetrier.com\/#\/schema\/logo\/image\/"}}]}},"_links":{"self":[{"href":"https:\/\/lilianmenetrier.com\/index.php?rest_route=\/wp\/v2\/pages\/867"}],"collection":[{"href":"https:\/\/lilianmenetrier.com\/index.php?rest_route=\/wp\/v2\/pages"}],"about":[{"href":"https:\/\/lilianmenetrier.com\/index.php?rest_route=\/wp\/v2\/types\/page"}],"author":[{"embeddable":true,"href":"https:\/\/lilianmenetrier.com\/index.php?rest_route=\/wp\/v2\/users\/1"}],"replies":[{"embeddable":true,"href":"https:\/\/lilianmenetrier.com\/index.php?rest_route=%2Fwp%2Fv2%2Fcomments&post=867"}],"version-history":[{"count":14,"href":"https:\/\/lilianmenetrier.com\/index.php?rest_route=\/wp\/v2\/pages\/867\/revisions"}],"predecessor-version":[{"id":1003,"href":"https:\/\/lilianmenetrier.com\/index.php?rest_route=\/wp\/v2\/pages\/867\/revisions\/1003"}],"wp:attachment":[{"href":"https:\/\/lilianmenetrier.com\/index.php?rest_route=%2Fwp%2Fv2%2Fmedia&parent=867"}],"curies":[{"name":"wp","href":"https:\/\/api.w.org\/{rel}","templated":true}]}}